{"id":11424,"date":"2021-06-23T13:54:01","date_gmt":"2021-06-23T10:54:01","guid":{"rendered":"https:\/\/shop.kamaztrade.com\/product\/may-phat-dien\/"},"modified":"2021-06-23T13:54:01","modified_gmt":"2021-06-23T10:54:01","slug":"may-phat-dien","status":"publish","type":"product","link":"https:\/\/shop.kamaztrade.com\/vi\/product\/may-phat-dien\/","title":{"rendered":"M\u00e1y ph\u00e1t \u0111i\u1ec7n"},"content":{"rendered":"","protected":false},"excerpt":{"rendered":"","protected":false},"featured_media":11168,"template":"","meta":[],"product_cat":[89],"product_tag":[],"acf":[],"_links":{"self":[{"href":"https:\/\/shop.kamaztrade.com\/vi\/wp-json\/wp\/v2\/product\/11424"}],"collection":[{"href":"https:\/\/shop.kamaztrade.com\/vi\/wp-json\/wp\/v2\/product"}],"about":[{"href":"https:\/\/shop.kamaztrade.com\/vi\/wp-json\/wp\/v2\/types\/product"}],"wp:featuredmedia":[{"embeddable":true,"href":"https:\/\/shop.kamaztrade.com\/vi\/wp-json\/wp\/v2\/media\/11168"}],"wp:attachment":[{"href":"https:\/\/shop.kamaztrade.com\/vi\/wp-json\/wp\/v2\/media?parent=11424"}],"wp:term":[{"taxonomy":"product_cat","embeddable":true,"href":"https:\/\/shop.kamaztrade.com\/vi\/wp-json\/wp\/v2\/product_cat?post=11424"},{"taxonomy":"product_tag","embeddable":true,"href":"https:\/\/shop.kamaztrade.com\/vi\/wp-json\/wp\/v2\/product_tag?post=11424"}],"curies":[{"name":"wp","href":"https:\/\/api.w.org\/{rel}","templated":true}]}}