{"id":11425,"date":"2021-06-23T13:58:20","date_gmt":"2021-10-31T07:20:48","guid":{"rendered":"https:\/\/shop.kamaztrade.com\/?post_type=product&#038;p=11425"},"modified":"2021-10-31T10:20:48","modified_gmt":"2021-10-31T07:20:48","slug":"gioang","status":"publish","type":"product","link":"https:\/\/shop.kamaztrade.com\/vi\/product\/gioang\/","title":{"rendered":"Gio\u0103ng"},"content":{"rendered":"<p>Gio\u0103ng, k\u00edch th\u01b0\u1edbc: d=2cm<\/p>\n","protected":false},"excerpt":{"rendered":"<p>Gio\u0103ng, k\u00edch th\u01b0\u1edbc: d=2cm<\/p>\n","protected":false},"featured_media":11171,"template":"","meta":[],"product_cat":[87],"product_tag":[],"acf":[],"_links":{"self":[{"href":"https:\/\/shop.kamaztrade.com\/vi\/wp-json\/wp\/v2\/product\/11425"}],"collection":[{"href":"https:\/\/shop.kamaztrade.com\/vi\/wp-json\/wp\/v2\/product"}],"about":[{"href":"https:\/\/shop.kamaztrade.com\/vi\/wp-json\/wp\/v2\/types\/product"}],"wp:featuredmedia":[{"embeddable":true,"href":"https:\/\/shop.kamaztrade.com\/vi\/wp-json\/wp\/v2\/media\/11171"}],"wp:attachment":[{"href":"https:\/\/shop.kamaztrade.com\/vi\/wp-json\/wp\/v2\/media?parent=11425"}],"wp:term":[{"taxonomy":"product_cat","embeddable":true,"href":"https:\/\/shop.kamaztrade.com\/vi\/wp-json\/wp\/v2\/product_cat?post=11425"},{"taxonomy":"product_tag","embeddable":true,"href":"https:\/\/shop.kamaztrade.com\/vi\/wp-json\/wp\/v2\/product_tag?post=11425"}],"curies":[{"name":"wp","href":"https:\/\/api.w.org\/{rel}","templated":true}]}}