{"id":11426,"date":"2021-10-27T14:33:47","date_gmt":"2021-10-31T07:24:35","guid":{"rendered":"https:\/\/shop.kamaztrade.com\/?post_type=product&#038;p=11426"},"modified":"2021-10-31T10:24:35","modified_gmt":"2021-10-31T07:24:35","slug":"quat","status":"publish","type":"product","link":"https:\/\/shop.kamaztrade.com\/vi\/product\/quat\/","title":{"rendered":"Qu\u1ea1t"},"content":{"rendered":"<p>Qu\u1ea1t l\u00e0m m\u00e1t \u0111\u1ed9ng c\u01a1 cummins, c\u00f3 bi\u1ebfn m\u00f4, d=650mm<\/p>\n","protected":false},"excerpt":{"rendered":"<p>Qu\u1ea1t l\u00e0m m\u00e1t \u0111\u1ed9ng c\u01a1 cummins, c\u00f3 bi\u1ebfn m\u00f4, d=650mm<\/p>\n","protected":false},"featured_media":11176,"template":"","meta":[],"product_cat":[84],"product_tag":[],"acf":[],"_links":{"self":[{"href":"https:\/\/shop.kamaztrade.com\/vi\/wp-json\/wp\/v2\/product\/11426"}],"collection":[{"href":"https:\/\/shop.kamaztrade.com\/vi\/wp-json\/wp\/v2\/product"}],"about":[{"href":"https:\/\/shop.kamaztrade.com\/vi\/wp-json\/wp\/v2\/types\/product"}],"wp:featuredmedia":[{"embeddable":true,"href":"https:\/\/shop.kamaztrade.com\/vi\/wp-json\/wp\/v2\/media\/11176"}],"wp:attachment":[{"href":"https:\/\/shop.kamaztrade.com\/vi\/wp-json\/wp\/v2\/media?parent=11426"}],"wp:term":[{"taxonomy":"product_cat","embeddable":true,"href":"https:\/\/shop.kamaztrade.com\/vi\/wp-json\/wp\/v2\/product_cat?post=11426"},{"taxonomy":"product_tag","embeddable":true,"href":"https:\/\/shop.kamaztrade.com\/vi\/wp-json\/wp\/v2\/product_tag?post=11426"}],"curies":[{"name":"wp","href":"https:\/\/api.w.org\/{rel}","templated":true}]}}