{"id":11495,"date":"2020-11-25T23:36:38","date_gmt":"2020-11-25T20:36:38","guid":{"rendered":"https:\/\/shop.kamaztrade.com\/product\/den-hau-nhieu-ngan\/"},"modified":"2021-11-02T05:47:38","modified_gmt":"2021-11-02T02:47:38","slug":"den-hau-nhieu-ngan","status":"publish","type":"product","link":"https:\/\/shop.kamaztrade.com\/vi\/product\/den-hau-nhieu-ngan\/","title":{"rendered":"\u0110\u00e8n h\u1eadu nhi\u1ec1u ng\u0103n"},"content":{"rendered":"<p>\u0110\u00e8n h\u1eadu nhi\u1ec1u ng\u0103n xe KAMAZ (th\u00e2n, n\u1eafp b\u1eb1ng nh\u1ef1a)<\/p>\n","protected":false},"excerpt":{"rendered":"<p>\u0110\u00e8n h\u1eadu nhi\u1ec1u ng\u0103n xe KAMAZ (th\u00e2n, n\u1eafp b\u1eb1ng nh\u1ef1a)<\/p>\n","protected":false},"featured_media":11354,"template":"","meta":[],"product_cat":[89],"product_tag":[],"acf":[],"_links":{"self":[{"href":"https:\/\/shop.kamaztrade.com\/vi\/wp-json\/wp\/v2\/product\/11495"}],"collection":[{"href":"https:\/\/shop.kamaztrade.com\/vi\/wp-json\/wp\/v2\/product"}],"about":[{"href":"https:\/\/shop.kamaztrade.com\/vi\/wp-json\/wp\/v2\/types\/product"}],"wp:featuredmedia":[{"embeddable":true,"href":"https:\/\/shop.kamaztrade.com\/vi\/wp-json\/wp\/v2\/media\/11354"}],"wp:attachment":[{"href":"https:\/\/shop.kamaztrade.com\/vi\/wp-json\/wp\/v2\/media?parent=11495"}],"wp:term":[{"taxonomy":"product_cat","embeddable":true,"href":"https:\/\/shop.kamaztrade.com\/vi\/wp-json\/wp\/v2\/product_cat?post=11495"},{"taxonomy":"product_tag","embeddable":true,"href":"https:\/\/shop.kamaztrade.com\/vi\/wp-json\/wp\/v2\/product_tag?post=11495"}],"curies":[{"name":"wp","href":"https:\/\/api.w.org\/{rel}","templated":true}]}}