{"id":11502,"date":"2020-11-25T23:23:49","date_gmt":"2020-11-25T20:23:49","guid":{"rendered":"https:\/\/shop.kamaztrade.com\/product\/turbo-tang-ap\/"},"modified":"2021-11-02T05:53:10","modified_gmt":"2021-11-02T02:53:10","slug":"turbo-tang-ap","status":"publish","type":"product","link":"https:\/\/shop.kamaztrade.com\/vi\/product\/turbo-tang-ap\/","title":{"rendered":"Turbo t\u0103ng \u00e1p"},"content":{"rendered":"<p>Turbo t\u0103ng \u00e1p ly t\u00e2m, 1 c\u1ea5p, \u00e1p su\u1ea5t l\u00e0m vi\u1ec7c d\u01b0 th\u1eeba \u1edf c\u00f4ng xu\u1ea5t\u00a0danh \u0111\u1ecbnh &#8211; 2 bar,\u00a0n\u0103ng su\u1ea5t\u00a0\u00a0900m3\/h (th\u00e2n &#8211; gang), d\u00f9ng cho xe KAMAZ<\/p>\n","protected":false},"excerpt":{"rendered":"<p>Turbo t\u0103ng \u00e1p ly t\u00e2m, 1 c\u1ea5p, \u00e1p su\u1ea5t l\u00e0m vi\u1ec7c d\u01b0 th\u1eeba \u1edf c\u00f4ng xu\u1ea5t\u00a0danh \u0111\u1ecbnh &#8211; 2 bar,\u00a0n\u0103ng su\u1ea5t\u00a0\u00a0900m3\/h (th\u00e2n &#8211; gang), d\u00f9ng cho xe KAMAZ<\/p>\n","protected":false},"featured_media":11365,"template":"","meta":[],"product_cat":[85],"product_tag":[],"acf":[],"_links":{"self":[{"href":"https:\/\/shop.kamaztrade.com\/vi\/wp-json\/wp\/v2\/product\/11502"}],"collection":[{"href":"https:\/\/shop.kamaztrade.com\/vi\/wp-json\/wp\/v2\/product"}],"about":[{"href":"https:\/\/shop.kamaztrade.com\/vi\/wp-json\/wp\/v2\/types\/product"}],"wp:featuredmedia":[{"embeddable":true,"href":"https:\/\/shop.kamaztrade.com\/vi\/wp-json\/wp\/v2\/media\/11365"}],"wp:attachment":[{"href":"https:\/\/shop.kamaztrade.com\/vi\/wp-json\/wp\/v2\/media?parent=11502"}],"wp:term":[{"taxonomy":"product_cat","embeddable":true,"href":"https:\/\/shop.kamaztrade.com\/vi\/wp-json\/wp\/v2\/product_cat?post=11502"},{"taxonomy":"product_tag","embeddable":true,"href":"https:\/\/shop.kamaztrade.com\/vi\/wp-json\/wp\/v2\/product_tag?post=11502"}],"curies":[{"name":"wp","href":"https:\/\/api.w.org\/{rel}","templated":true}]}}