{"id":11671,"date":"2021-02-08T18:25:45","date_gmt":"2021-11-02T08:19:11","guid":{"rendered":"https:\/\/shop.kamaztrade.com\/?post_type=product&#038;p=11671"},"modified":"2021-11-02T11:19:11","modified_gmt":"2021-11-02T08:19:11","slug":"den-chi-gioi-ben-xi-nhan-go-ma-14-3726","status":"publish","type":"product","link":"https:\/\/shop.kamaztrade.com\/vi\/product\/den-chi-gioi-ben-xi-nhan-go-ma-14-3726\/","title":{"rendered":"\u0110\u00e8n ch\u1ec9 gi\u1edbi b\u00ean (xi nhan g\u00f2 m\u00e1) 14.3726"},"content":{"rendered":"","protected":false},"excerpt":{"rendered":"","protected":false},"featured_media":9917,"template":"","meta":[],"product_cat":[89],"product_tag":[],"acf":[],"_links":{"self":[{"href":"https:\/\/shop.kamaztrade.com\/vi\/wp-json\/wp\/v2\/product\/11671"}],"collection":[{"href":"https:\/\/shop.kamaztrade.com\/vi\/wp-json\/wp\/v2\/product"}],"about":[{"href":"https:\/\/shop.kamaztrade.com\/vi\/wp-json\/wp\/v2\/types\/product"}],"wp:featuredmedia":[{"embeddable":true,"href":"https:\/\/shop.kamaztrade.com\/vi\/wp-json\/wp\/v2\/media\/9917"}],"wp:attachment":[{"href":"https:\/\/shop.kamaztrade.com\/vi\/wp-json\/wp\/v2\/media?parent=11671"}],"wp:term":[{"taxonomy":"product_cat","embeddable":true,"href":"https:\/\/shop.kamaztrade.com\/vi\/wp-json\/wp\/v2\/product_cat?post=11671"},{"taxonomy":"product_tag","embeddable":true,"href":"https:\/\/shop.kamaztrade.com\/vi\/wp-json\/wp\/v2\/product_tag?post=11671"}],"curies":[{"name":"wp","href":"https:\/\/api.w.org\/{rel}","templated":true}]}}