{"id":11730,"date":"2021-07-16T14:55:04","date_gmt":"2021-11-05T10:41:12","guid":{"rendered":"https:\/\/shop.kamaztrade.com\/?post_type=product&#038;p=11730"},"modified":"2021-11-05T13:41:12","modified_gmt":"2021-11-05T10:41:12","slug":"nap-khuech-tan-den-hau","status":"publish","type":"product","link":"https:\/\/shop.kamaztrade.com\/vi\/product\/nap-khuech-tan-den-hau\/","title":{"rendered":"N\u1eafp khu\u1ebfch t\u00e1n \u0111\u00e8n h\u1eadu"},"content":{"rendered":"","protected":false},"excerpt":{"rendered":"","protected":false},"featured_media":10454,"template":"","meta":[],"product_cat":[89],"product_tag":[],"acf":[],"_links":{"self":[{"href":"https:\/\/shop.kamaztrade.com\/vi\/wp-json\/wp\/v2\/product\/11730"}],"collection":[{"href":"https:\/\/shop.kamaztrade.com\/vi\/wp-json\/wp\/v2\/product"}],"about":[{"href":"https:\/\/shop.kamaztrade.com\/vi\/wp-json\/wp\/v2\/types\/product"}],"wp:featuredmedia":[{"embeddable":true,"href":"https:\/\/shop.kamaztrade.com\/vi\/wp-json\/wp\/v2\/media\/10454"}],"wp:attachment":[{"href":"https:\/\/shop.kamaztrade.com\/vi\/wp-json\/wp\/v2\/media?parent=11730"}],"wp:term":[{"taxonomy":"product_cat","embeddable":true,"href":"https:\/\/shop.kamaztrade.com\/vi\/wp-json\/wp\/v2\/product_cat?post=11730"},{"taxonomy":"product_tag","embeddable":true,"href":"https:\/\/shop.kamaztrade.com\/vi\/wp-json\/wp\/v2\/product_tag?post=11730"}],"curies":[{"name":"wp","href":"https:\/\/api.w.org\/{rel}","templated":true}]}}