{"id":11737,"date":"2020-11-25T23:18:25","date_gmt":"2020-11-25T20:18:25","guid":{"rendered":"https:\/\/shop.kamaztrade.com\/product\/canh-quat\/"},"modified":"2021-11-05T13:53:24","modified_gmt":"2021-11-05T10:53:24","slug":"canh-quat","status":"publish","type":"product","link":"https:\/\/shop.kamaztrade.com\/vi\/product\/canh-quat\/","title":{"rendered":"C\u00e1nh qu\u1ea1t"},"content":{"rendered":"<p>C\u00e1nh qu\u1ea1t, kh\u00f4ng c\u00f9ng \u0111\u1ed9ng c\u01a1, th\u00e9p<\/p>\n","protected":false},"excerpt":{"rendered":"<p>C\u00e1nh qu\u1ea1t, kh\u00f4ng c\u00f9ng \u0111\u1ed9ng c\u01a1, th\u00e9p<\/p>\n","protected":false},"featured_media":10471,"template":"","meta":[],"product_cat":[84],"product_tag":[],"acf":[],"_links":{"self":[{"href":"https:\/\/shop.kamaztrade.com\/vi\/wp-json\/wp\/v2\/product\/11737"}],"collection":[{"href":"https:\/\/shop.kamaztrade.com\/vi\/wp-json\/wp\/v2\/product"}],"about":[{"href":"https:\/\/shop.kamaztrade.com\/vi\/wp-json\/wp\/v2\/types\/product"}],"wp:featuredmedia":[{"embeddable":true,"href":"https:\/\/shop.kamaztrade.com\/vi\/wp-json\/wp\/v2\/media\/10471"}],"wp:attachment":[{"href":"https:\/\/shop.kamaztrade.com\/vi\/wp-json\/wp\/v2\/media?parent=11737"}],"wp:term":[{"taxonomy":"product_cat","embeddable":true,"href":"https:\/\/shop.kamaztrade.com\/vi\/wp-json\/wp\/v2\/product_cat?post=11737"},{"taxonomy":"product_tag","embeddable":true,"href":"https:\/\/shop.kamaztrade.com\/vi\/wp-json\/wp\/v2\/product_tag?post=11737"}],"curies":[{"name":"wp","href":"https:\/\/api.w.org\/{rel}","templated":true}]}}