{"id":11956,"date":"2021-07-23T10:13:39","date_gmt":"2021-11-09T07:03:21","guid":{"rendered":"https:\/\/shop.kamaztrade.com\/?post_type=product&#038;p=11956"},"modified":"2021-11-09T10:03:21","modified_gmt":"2021-11-09T07:03:21","slug":"den-bao-2212-3803-15","status":"publish","type":"product","link":"https:\/\/shop.kamaztrade.com\/vi\/product\/den-bao-2212-3803-15\/","title":{"rendered":"\u0110\u00e8n b\u00e1o 2212.3803-15"},"content":{"rendered":"","protected":false},"excerpt":{"rendered":"","protected":false},"featured_media":10522,"template":"","meta":[],"product_cat":[89],"product_tag":[],"acf":[],"_links":{"self":[{"href":"https:\/\/shop.kamaztrade.com\/vi\/wp-json\/wp\/v2\/product\/11956"}],"collection":[{"href":"https:\/\/shop.kamaztrade.com\/vi\/wp-json\/wp\/v2\/product"}],"about":[{"href":"https:\/\/shop.kamaztrade.com\/vi\/wp-json\/wp\/v2\/types\/product"}],"wp:featuredmedia":[{"embeddable":true,"href":"https:\/\/shop.kamaztrade.com\/vi\/wp-json\/wp\/v2\/media\/10522"}],"wp:attachment":[{"href":"https:\/\/shop.kamaztrade.com\/vi\/wp-json\/wp\/v2\/media?parent=11956"}],"wp:term":[{"taxonomy":"product_cat","embeddable":true,"href":"https:\/\/shop.kamaztrade.com\/vi\/wp-json\/wp\/v2\/product_cat?post=11956"},{"taxonomy":"product_tag","embeddable":true,"href":"https:\/\/shop.kamaztrade.com\/vi\/wp-json\/wp\/v2\/product_tag?post=11956"}],"curies":[{"name":"wp","href":"https:\/\/api.w.org\/{rel}","templated":true}]}}