{"id":11958,"date":"2021-07-23T10:36:44","date_gmt":"2021-11-09T07:05:38","guid":{"rendered":"https:\/\/shop.kamaztrade.com\/?post_type=product&#038;p=11958"},"modified":"2021-11-09T10:05:38","modified_gmt":"2021-11-09T07:05:38","slug":"den-bao-2212-3803-28","status":"publish","type":"product","link":"https:\/\/shop.kamaztrade.com\/vi\/product\/den-bao-2212-3803-28\/","title":{"rendered":"\u0110\u00e8n b\u00e1o 2212.3803-28"},"content":{"rendered":"","protected":false},"excerpt":{"rendered":"","protected":false},"featured_media":10534,"template":"","meta":[],"product_cat":[89],"product_tag":[],"acf":[],"_links":{"self":[{"href":"https:\/\/shop.kamaztrade.com\/vi\/wp-json\/wp\/v2\/product\/11958"}],"collection":[{"href":"https:\/\/shop.kamaztrade.com\/vi\/wp-json\/wp\/v2\/product"}],"about":[{"href":"https:\/\/shop.kamaztrade.com\/vi\/wp-json\/wp\/v2\/types\/product"}],"wp:featuredmedia":[{"embeddable":true,"href":"https:\/\/shop.kamaztrade.com\/vi\/wp-json\/wp\/v2\/media\/10534"}],"wp:attachment":[{"href":"https:\/\/shop.kamaztrade.com\/vi\/wp-json\/wp\/v2\/media?parent=11958"}],"wp:term":[{"taxonomy":"product_cat","embeddable":true,"href":"https:\/\/shop.kamaztrade.com\/vi\/wp-json\/wp\/v2\/product_cat?post=11958"},{"taxonomy":"product_tag","embeddable":true,"href":"https:\/\/shop.kamaztrade.com\/vi\/wp-json\/wp\/v2\/product_tag?post=11958"}],"curies":[{"name":"wp","href":"https:\/\/api.w.org\/{rel}","templated":true}]}}