{"id":11960,"date":"2021-07-23T10:50:45","date_gmt":"2021-11-09T07:07:36","guid":{"rendered":"https:\/\/shop.kamaztrade.com\/?post_type=product&#038;p=11960"},"modified":"2021-11-09T10:07:36","modified_gmt":"2021-11-09T07:07:36","slug":"den-bao-2212-3803-56","status":"publish","type":"product","link":"https:\/\/shop.kamaztrade.com\/vi\/product\/den-bao-2212-3803-56\/","title":{"rendered":"\u0110\u00e8n b\u00e1o 2212.3803-56"},"content":{"rendered":"","protected":false},"excerpt":{"rendered":"","protected":false},"featured_media":10542,"template":"","meta":[],"product_cat":[89],"product_tag":[],"acf":[],"_links":{"self":[{"href":"https:\/\/shop.kamaztrade.com\/vi\/wp-json\/wp\/v2\/product\/11960"}],"collection":[{"href":"https:\/\/shop.kamaztrade.com\/vi\/wp-json\/wp\/v2\/product"}],"about":[{"href":"https:\/\/shop.kamaztrade.com\/vi\/wp-json\/wp\/v2\/types\/product"}],"wp:featuredmedia":[{"embeddable":true,"href":"https:\/\/shop.kamaztrade.com\/vi\/wp-json\/wp\/v2\/media\/10542"}],"wp:attachment":[{"href":"https:\/\/shop.kamaztrade.com\/vi\/wp-json\/wp\/v2\/media?parent=11960"}],"wp:term":[{"taxonomy":"product_cat","embeddable":true,"href":"https:\/\/shop.kamaztrade.com\/vi\/wp-json\/wp\/v2\/product_cat?post=11960"},{"taxonomy":"product_tag","embeddable":true,"href":"https:\/\/shop.kamaztrade.com\/vi\/wp-json\/wp\/v2\/product_tag?post=11960"}],"curies":[{"name":"wp","href":"https:\/\/api.w.org\/{rel}","templated":true}]}}