{"id":11966,"date":"2021-07-27T14:11:07","date_gmt":"2021-11-09T07:46:04","guid":{"rendered":"https:\/\/shop.kamaztrade.com\/?post_type=product&#038;p=11966"},"modified":"2021-11-09T10:46:04","modified_gmt":"2021-11-09T07:46:04","slug":"den-2462-3716","status":"publish","type":"product","link":"https:\/\/shop.kamaztrade.com\/vi\/product\/den-2462-3716\/","title":{"rendered":"\u0110\u00e8n 2462.3716"},"content":{"rendered":"<p>\u0110\u00e8n h\u1eadu ch\u1ed1ng s\u01b0\u01a1ng m\u00f9<\/p>\n","protected":false},"excerpt":{"rendered":"<p>\u0110\u00e8n h\u1eadu ch\u1ed1ng s\u01b0\u01a1ng m\u00f9<\/p>\n","protected":false},"featured_media":10570,"template":"","meta":[],"product_cat":[89],"product_tag":[],"acf":[],"_links":{"self":[{"href":"https:\/\/shop.kamaztrade.com\/vi\/wp-json\/wp\/v2\/product\/11966"}],"collection":[{"href":"https:\/\/shop.kamaztrade.com\/vi\/wp-json\/wp\/v2\/product"}],"about":[{"href":"https:\/\/shop.kamaztrade.com\/vi\/wp-json\/wp\/v2\/types\/product"}],"wp:featuredmedia":[{"embeddable":true,"href":"https:\/\/shop.kamaztrade.com\/vi\/wp-json\/wp\/v2\/media\/10570"}],"wp:attachment":[{"href":"https:\/\/shop.kamaztrade.com\/vi\/wp-json\/wp\/v2\/media?parent=11966"}],"wp:term":[{"taxonomy":"product_cat","embeddable":true,"href":"https:\/\/shop.kamaztrade.com\/vi\/wp-json\/wp\/v2\/product_cat?post=11966"},{"taxonomy":"product_tag","embeddable":true,"href":"https:\/\/shop.kamaztrade.com\/vi\/wp-json\/wp\/v2\/product_tag?post=11966"}],"curies":[{"name":"wp","href":"https:\/\/api.w.org\/{rel}","templated":true}]}}