{"id":11967,"date":"2021-02-18T17:55:57","date_gmt":"2021-02-18T14:55:57","guid":{"rendered":"https:\/\/shop.kamaztrade.com\/product\/cong-tac-den-tin-hieu-canh-bao-su-co-uu-tien\/"},"modified":"2021-02-18T17:55:57","modified_gmt":"2021-02-18T14:55:57","slug":"cong-tac-den-tin-hieu-canh-bao-su-co-uu-tien","status":"publish","type":"product","link":"https:\/\/shop.kamaztrade.com\/vi\/product\/cong-tac-den-tin-hieu-canh-bao-su-co-uu-tien\/","title":{"rendered":"C\u00f4ng t\u1eafc \u0111\u00e8n t\u00edn hi\u1ec7u c\u1ea3nh b\u00e1o s\u1ef1 c\u1ed1, \u01b0u ti\u00ean"},"content":{"rendered":"","protected":false},"excerpt":{"rendered":"","protected":false},"featured_media":9963,"template":"","meta":[],"product_cat":[89],"product_tag":[],"acf":[],"_links":{"self":[{"href":"https:\/\/shop.kamaztrade.com\/vi\/wp-json\/wp\/v2\/product\/11967"}],"collection":[{"href":"https:\/\/shop.kamaztrade.com\/vi\/wp-json\/wp\/v2\/product"}],"about":[{"href":"https:\/\/shop.kamaztrade.com\/vi\/wp-json\/wp\/v2\/types\/product"}],"wp:featuredmedia":[{"embeddable":true,"href":"https:\/\/shop.kamaztrade.com\/vi\/wp-json\/wp\/v2\/media\/9963"}],"wp:attachment":[{"href":"https:\/\/shop.kamaztrade.com\/vi\/wp-json\/wp\/v2\/media?parent=11967"}],"wp:term":[{"taxonomy":"product_cat","embeddable":true,"href":"https:\/\/shop.kamaztrade.com\/vi\/wp-json\/wp\/v2\/product_cat?post=11967"},{"taxonomy":"product_tag","embeddable":true,"href":"https:\/\/shop.kamaztrade.com\/vi\/wp-json\/wp\/v2\/product_tag?post=11967"}],"curies":[{"name":"wp","href":"https:\/\/api.w.org\/{rel}","templated":true}]}}