{"id":11971,"date":"2020-11-25T23:30:49","date_gmt":"2020-11-25T20:30:49","guid":{"rendered":"https:\/\/shop.kamaztrade.com\/product\/bau-phanh-type-24-24\/"},"modified":"2021-11-09T10:57:34","modified_gmt":"2021-11-09T07:57:34","slug":"bau-phanh-type-24-24","status":"publish","type":"product","link":"https:\/\/shop.kamaztrade.com\/vi\/product\/bau-phanh-type-24-24\/","title":{"rendered":"B\u1ea7u phanh type 24\/24"},"content":{"rendered":"<p>B\u1ea7u phanh, type 24\/24, \u0111\u1ee7 b\u1ed9, th\u00e2n th\u00e9p, d\u00f9ng cho xe KAMAZ<\/p>\n","protected":false},"excerpt":{"rendered":"<p>B\u1ea7u phanh, type 24\/24, \u0111\u1ee7 b\u1ed9, th\u00e2n th\u00e9p, d\u00f9ng cho xe KAMAZ<\/p>\n","protected":false},"featured_media":10576,"template":"","meta":[],"product_cat":[87],"product_tag":[],"acf":[],"_links":{"self":[{"href":"https:\/\/shop.kamaztrade.com\/vi\/wp-json\/wp\/v2\/product\/11971"}],"collection":[{"href":"https:\/\/shop.kamaztrade.com\/vi\/wp-json\/wp\/v2\/product"}],"about":[{"href":"https:\/\/shop.kamaztrade.com\/vi\/wp-json\/wp\/v2\/types\/product"}],"wp:featuredmedia":[{"embeddable":true,"href":"https:\/\/shop.kamaztrade.com\/vi\/wp-json\/wp\/v2\/media\/10576"}],"wp:attachment":[{"href":"https:\/\/shop.kamaztrade.com\/vi\/wp-json\/wp\/v2\/media?parent=11971"}],"wp:term":[{"taxonomy":"product_cat","embeddable":true,"href":"https:\/\/shop.kamaztrade.com\/vi\/wp-json\/wp\/v2\/product_cat?post=11971"},{"taxonomy":"product_tag","embeddable":true,"href":"https:\/\/shop.kamaztrade.com\/vi\/wp-json\/wp\/v2\/product_tag?post=11971"}],"curies":[{"name":"wp","href":"https:\/\/api.w.org\/{rel}","templated":true}]}}