{"id":11984,"date":"2021-02-22T17:46:00","date_gmt":"2021-02-22T14:46:00","guid":{"rendered":"https:\/\/shop.kamaztrade.com\/product\/den-noc-cabin-phia-truoc\/"},"modified":"2021-02-22T17:46:00","modified_gmt":"2021-02-22T14:46:00","slug":"den-noc-cabin-phia-truoc","status":"publish","type":"product","link":"https:\/\/shop.kamaztrade.com\/vi\/product\/den-noc-cabin-phia-truoc\/","title":{"rendered":"\u0110\u00e8n n\u00f3c cabin ph\u00eda tr\u01b0\u1edbc"},"content":{"rendered":"","protected":false},"excerpt":{"rendered":"","protected":false},"featured_media":10021,"template":"","meta":[],"product_cat":[87],"product_tag":[],"acf":[],"_links":{"self":[{"href":"https:\/\/shop.kamaztrade.com\/vi\/wp-json\/wp\/v2\/product\/11984"}],"collection":[{"href":"https:\/\/shop.kamaztrade.com\/vi\/wp-json\/wp\/v2\/product"}],"about":[{"href":"https:\/\/shop.kamaztrade.com\/vi\/wp-json\/wp\/v2\/types\/product"}],"wp:featuredmedia":[{"embeddable":true,"href":"https:\/\/shop.kamaztrade.com\/vi\/wp-json\/wp\/v2\/media\/10021"}],"wp:attachment":[{"href":"https:\/\/shop.kamaztrade.com\/vi\/wp-json\/wp\/v2\/media?parent=11984"}],"wp:term":[{"taxonomy":"product_cat","embeddable":true,"href":"https:\/\/shop.kamaztrade.com\/vi\/wp-json\/wp\/v2\/product_cat?post=11984"},{"taxonomy":"product_tag","embeddable":true,"href":"https:\/\/shop.kamaztrade.com\/vi\/wp-json\/wp\/v2\/product_tag?post=11984"}],"curies":[{"name":"wp","href":"https:\/\/api.w.org\/{rel}","templated":true}]}}