{"id":11998,"date":"2020-11-25T23:36:34","date_gmt":"2020-11-25T20:36:34","guid":{"rendered":"https:\/\/shop.kamaztrade.com\/product\/may-phat-dien-3\/"},"modified":"2021-11-09T12:23:34","modified_gmt":"2021-11-09T09:23:34","slug":"may-phat-dien-3","status":"publish","type":"product","link":"https:\/\/shop.kamaztrade.com\/vi\/product\/may-phat-dien-3\/","title":{"rendered":"M\u00e1y ph\u00e1t \u0111i\u1ec7n"},"content":{"rendered":"<p>M\u00e1y ph\u00e1t \u0111i\u1ec7n ba pha, \u0111\u1ed3ng b\u1ed9, c\u00f3 b\u1ed9 ch\u1ec9nh l\u01b0u \u0111\u1ec3 t\u1ea1o ra d\u00f2ng \u0111i\u1ec7n m\u1ed9t chi\u1ec1u, 28V, d\u00f2ng \u0111i\u1ec7n \u1edf \u0111\u1ea7u ra &#8211; 45A, th\u00e2n-th\u00e9p, d\u00f9ng cho xe KAMAZ<\/p>\n","protected":false},"excerpt":{"rendered":"<p>M\u00e1y ph\u00e1t \u0111i\u1ec7n ba pha, \u0111\u1ed3ng b\u1ed9, c\u00f3 b\u1ed9 ch\u1ec9nh l\u01b0u \u0111\u1ec3 t\u1ea1o ra d\u00f2ng \u0111i\u1ec7n m\u1ed9t chi\u1ec1u, 28V, d\u00f2ng \u0111i\u1ec7n \u1edf \u0111\u1ea7u ra &#8211; 45A, th\u00e2n-th\u00e9p, d\u00f9ng cho xe KAMAZ<\/p>\n","protected":false},"featured_media":10629,"template":"","meta":[],"product_cat":[89],"product_tag":[],"acf":[],"_links":{"self":[{"href":"https:\/\/shop.kamaztrade.com\/vi\/wp-json\/wp\/v2\/product\/11998"}],"collection":[{"href":"https:\/\/shop.kamaztrade.com\/vi\/wp-json\/wp\/v2\/product"}],"about":[{"href":"https:\/\/shop.kamaztrade.com\/vi\/wp-json\/wp\/v2\/types\/product"}],"wp:featuredmedia":[{"embeddable":true,"href":"https:\/\/shop.kamaztrade.com\/vi\/wp-json\/wp\/v2\/media\/10629"}],"wp:attachment":[{"href":"https:\/\/shop.kamaztrade.com\/vi\/wp-json\/wp\/v2\/media?parent=11998"}],"wp:term":[{"taxonomy":"product_cat","embeddable":true,"href":"https:\/\/shop.kamaztrade.com\/vi\/wp-json\/wp\/v2\/product_cat?post=11998"},{"taxonomy":"product_tag","embeddable":true,"href":"https:\/\/shop.kamaztrade.com\/vi\/wp-json\/wp\/v2\/product_tag?post=11998"}],"curies":[{"name":"wp","href":"https:\/\/api.w.org\/{rel}","templated":true}]}}