{"id":11999,"date":"2020-11-25T23:39:13","date_gmt":"2020-11-25T20:39:13","guid":{"rendered":"https:\/\/shop.kamaztrade.com\/product\/may-phat-dien-4\/"},"modified":"2021-11-09T12:30:33","modified_gmt":"2021-11-09T09:30:33","slug":"may-phat-dien-4","status":"publish","type":"product","link":"https:\/\/shop.kamaztrade.com\/vi\/product\/may-phat-dien-4\/","title":{"rendered":"M\u00e1y ph\u00e1t \u0111i\u1ec7n"},"content":{"rendered":"<p>M\u00e1y ph\u00e1t \u0111i\u1ec7n c\u1ee7a h\u1ec7 th\u1ed1ng thi\u1ebft b\u1ecb \u0111i\u1ec7n, ba pha, \u0111\u1ed3ng b\u1ed9, c\u00f3 b\u1ed9 ch\u1ec9nh l\u01b0u \u0111\u1ec3 t\u1ea1o ra d\u00f2ng \u0111i\u1ec7n m\u1ed9t chi\u1ec1u, 28V, d\u00f2ng \u0111i\u1ec7n \u1edf \u0111\u1ea7u ra c\u1ee7a kh\u1ed1i ch\u1ec9nh l\u01b0u-80A (th\u00e2n-th\u00e9p), xe KAMAZ<\/p>\n","protected":false},"excerpt":{"rendered":"<p>M\u00e1y ph\u00e1t \u0111i\u1ec7n c\u1ee7a h\u1ec7 th\u1ed1ng thi\u1ebft b\u1ecb \u0111i\u1ec7n, ba pha, \u0111\u1ed3ng b\u1ed9, c\u00f3 b\u1ed9 ch\u1ec9nh l\u01b0u \u0111\u1ec3 t\u1ea1o ra d\u00f2ng \u0111i\u1ec7n m\u1ed9t chi\u1ec1u, 28V, d\u00f2ng \u0111i\u1ec7n \u1edf \u0111\u1ea7u ra c\u1ee7a kh\u1ed1i ch\u1ec9nh l\u01b0u-80A (th\u00e2n-th\u00e9p), xe KAMAZ<\/p>\n","protected":false},"featured_media":10636,"template":"","meta":[],"product_cat":[89],"product_tag":[],"acf":[],"_links":{"self":[{"href":"https:\/\/shop.kamaztrade.com\/vi\/wp-json\/wp\/v2\/product\/11999"}],"collection":[{"href":"https:\/\/shop.kamaztrade.com\/vi\/wp-json\/wp\/v2\/product"}],"about":[{"href":"https:\/\/shop.kamaztrade.com\/vi\/wp-json\/wp\/v2\/types\/product"}],"wp:featuredmedia":[{"embeddable":true,"href":"https:\/\/shop.kamaztrade.com\/vi\/wp-json\/wp\/v2\/media\/10636"}],"wp:attachment":[{"href":"https:\/\/shop.kamaztrade.com\/vi\/wp-json\/wp\/v2\/media?parent=11999"}],"wp:term":[{"taxonomy":"product_cat","embeddable":true,"href":"https:\/\/shop.kamaztrade.com\/vi\/wp-json\/wp\/v2\/product_cat?post=11999"},{"taxonomy":"product_tag","embeddable":true,"href":"https:\/\/shop.kamaztrade.com\/vi\/wp-json\/wp\/v2\/product_tag?post=11999"}],"curies":[{"name":"wp","href":"https:\/\/api.w.org\/{rel}","templated":true}]}}