{"id":12008,"date":"2020-11-25T23:22:42","date_gmt":"2020-11-25T20:22:42","guid":{"rendered":"https:\/\/shop.kamaztrade.com\/product\/bom-nhien-lieu-ap-suat-thap\/"},"modified":"2021-11-09T12:59:42","modified_gmt":"2021-11-09T09:59:42","slug":"bom-nhien-lieu-ap-suat-thap","status":"publish","type":"product","link":"https:\/\/shop.kamaztrade.com\/vi\/product\/bom-nhien-lieu-ap-suat-thap\/","title":{"rendered":"B\u01a1m nhi\u00ean li\u1ec7u \u00e1p su\u1ea5t th\u1ea5p"},"content":{"rendered":"<p>B\u01a1m nhi\u00ean li\u1ec7u \u00e1p su\u1ea5t th\u1ea5p \u0111\u1ec3 cung c\u1ea5p nhi\u00ean li\u1ec7u v\u00e0o b\u01a1m nhi\u00ean li\u1ec7u cao \u00e1p, d\u00f9ng cho \u0111\u1ed9ng c\u01a1 \u0111\u1ed1t trong, th\u00e2n \u2013 th\u00e9p, xe KAMAZ<\/p>\n","protected":false},"excerpt":{"rendered":"<p>B\u01a1m nhi\u00ean li\u1ec7u \u00e1p su\u1ea5t th\u1ea5p \u0111\u1ec3 cung c\u1ea5p nhi\u00ean li\u1ec7u v\u00e0o b\u01a1m nhi\u00ean li\u1ec7u cao \u00e1p, d\u00f9ng cho \u0111\u1ed9ng c\u01a1 \u0111\u1ed1t trong, th\u00e2n \u2013 th\u00e9p, xe KAMAZ<\/p>\n","protected":false},"featured_media":9985,"template":"","meta":[],"product_cat":[85],"product_tag":[],"acf":[],"_links":{"self":[{"href":"https:\/\/shop.kamaztrade.com\/vi\/wp-json\/wp\/v2\/product\/12008"}],"collection":[{"href":"https:\/\/shop.kamaztrade.com\/vi\/wp-json\/wp\/v2\/product"}],"about":[{"href":"https:\/\/shop.kamaztrade.com\/vi\/wp-json\/wp\/v2\/types\/product"}],"wp:featuredmedia":[{"embeddable":true,"href":"https:\/\/shop.kamaztrade.com\/vi\/wp-json\/wp\/v2\/media\/9985"}],"wp:attachment":[{"href":"https:\/\/shop.kamaztrade.com\/vi\/wp-json\/wp\/v2\/media?parent=12008"}],"wp:term":[{"taxonomy":"product_cat","embeddable":true,"href":"https:\/\/shop.kamaztrade.com\/vi\/wp-json\/wp\/v2\/product_cat?post=12008"},{"taxonomy":"product_tag","embeddable":true,"href":"https:\/\/shop.kamaztrade.com\/vi\/wp-json\/wp\/v2\/product_tag?post=12008"}],"curies":[{"name":"wp","href":"https:\/\/api.w.org\/{rel}","templated":true}]}}