{"id":12011,"date":"2020-11-25T23:22:48","date_gmt":"2020-11-25T20:22:48","guid":{"rendered":"https:\/\/shop.kamaztrade.com\/product\/bom-nhien-lieu-cao-ap-4\/"},"modified":"2021-11-09T13:08:26","modified_gmt":"2021-11-09T10:08:26","slug":"bom-nhien-lieu-cao-ap-4","status":"publish","type":"product","link":"https:\/\/shop.kamaztrade.com\/vi\/product\/bom-nhien-lieu-cao-ap-4\/","title":{"rendered":"B\u01a1m nhi\u00ean li\u1ec7u cao \u00e1p"},"content":{"rendered":"<p>B\u01a1m nhi\u00ean li\u1ec7u cao \u00e1p d\u00f9ng cho \u0111\u1ed9ng c\u01a1 \u0111\u1ed1t trong, 8 piston b\u01a1m, th\u00e2n &#8211; gang, d\u00f9ng cho xe KAMAZ<\/p>\n","protected":false},"excerpt":{"rendered":"<p>B\u01a1m nhi\u00ean li\u1ec7u cao \u00e1p d\u00f9ng cho \u0111\u1ed9ng c\u01a1 \u0111\u1ed1t trong, 8 piston b\u01a1m, th\u00e2n &#8211; gang, d\u00f9ng cho xe KAMAZ<\/p>\n","protected":false},"featured_media":10663,"template":"","meta":[],"product_cat":[85],"product_tag":[],"acf":[],"_links":{"self":[{"href":"https:\/\/shop.kamaztrade.com\/vi\/wp-json\/wp\/v2\/product\/12011"}],"collection":[{"href":"https:\/\/shop.kamaztrade.com\/vi\/wp-json\/wp\/v2\/product"}],"about":[{"href":"https:\/\/shop.kamaztrade.com\/vi\/wp-json\/wp\/v2\/types\/product"}],"wp:featuredmedia":[{"embeddable":true,"href":"https:\/\/shop.kamaztrade.com\/vi\/wp-json\/wp\/v2\/media\/10663"}],"wp:attachment":[{"href":"https:\/\/shop.kamaztrade.com\/vi\/wp-json\/wp\/v2\/media?parent=12011"}],"wp:term":[{"taxonomy":"product_cat","embeddable":true,"href":"https:\/\/shop.kamaztrade.com\/vi\/wp-json\/wp\/v2\/product_cat?post=12011"},{"taxonomy":"product_tag","embeddable":true,"href":"https:\/\/shop.kamaztrade.com\/vi\/wp-json\/wp\/v2\/product_tag?post=12011"}],"curies":[{"name":"wp","href":"https:\/\/api.w.org\/{rel}","templated":true}]}}