{"id":12022,"date":"2021-08-17T16:42:00","date_gmt":"2021-11-09T10:21:18","guid":{"rendered":"https:\/\/shop.kamaztrade.com\/?post_type=product&#038;p=12022"},"modified":"2021-11-09T13:21:18","modified_gmt":"2021-11-09T10:21:18","slug":"nap-khuech-tan-den-hau-2","status":"publish","type":"product","link":"https:\/\/shop.kamaztrade.com\/vi\/product\/nap-khuech-tan-den-hau-2\/","title":{"rendered":"N\u1eafp khu\u1ebfch t\u00e1n \u0111\u00e8n h\u1eadu"},"content":{"rendered":"","protected":false},"excerpt":{"rendered":"","protected":false},"featured_media":10684,"template":"","meta":[],"product_cat":[89],"product_tag":[],"acf":[],"_links":{"self":[{"href":"https:\/\/shop.kamaztrade.com\/vi\/wp-json\/wp\/v2\/product\/12022"}],"collection":[{"href":"https:\/\/shop.kamaztrade.com\/vi\/wp-json\/wp\/v2\/product"}],"about":[{"href":"https:\/\/shop.kamaztrade.com\/vi\/wp-json\/wp\/v2\/types\/product"}],"wp:featuredmedia":[{"embeddable":true,"href":"https:\/\/shop.kamaztrade.com\/vi\/wp-json\/wp\/v2\/media\/10684"}],"wp:attachment":[{"href":"https:\/\/shop.kamaztrade.com\/vi\/wp-json\/wp\/v2\/media?parent=12022"}],"wp:term":[{"taxonomy":"product_cat","embeddable":true,"href":"https:\/\/shop.kamaztrade.com\/vi\/wp-json\/wp\/v2\/product_cat?post=12022"},{"taxonomy":"product_tag","embeddable":true,"href":"https:\/\/shop.kamaztrade.com\/vi\/wp-json\/wp\/v2\/product_tag?post=12022"}],"curies":[{"name":"wp","href":"https:\/\/api.w.org\/{rel}","templated":true}]}}