{"id":12129,"date":"2021-08-19T15:44:21","date_gmt":"2021-08-19T12:44:21","guid":{"rendered":"https:\/\/shop.kamaztrade.com\/product\/mieng-lot-day-die%cc%a3n-den-pha-tieu-die%cc%89m\/"},"modified":"2021-11-11T07:19:53","modified_gmt":"2021-11-11T04:19:53","slug":"mieng-lot-day-die%cc%a3n-den-pha-tieu-die%cc%89m","status":"publish","type":"product","link":"https:\/\/shop.kamaztrade.com\/vi\/product\/mieng-lot-day-die%cc%a3n-den-pha-tieu-die%cc%89m\/","title":{"rendered":"Mi\u1ebfng lo\u0301t d\u00e2y \u0111i\u1ec7n \u0111e\u0300n pha ti\u00eau \u0111i\u00ea\u0309m"},"content":{"rendered":"","protected":false},"excerpt":{"rendered":"","protected":false},"featured_media":11398,"template":"","meta":[],"product_cat":[89],"product_tag":[],"acf":[],"_links":{"self":[{"href":"https:\/\/shop.kamaztrade.com\/vi\/wp-json\/wp\/v2\/product\/12129"}],"collection":[{"href":"https:\/\/shop.kamaztrade.com\/vi\/wp-json\/wp\/v2\/product"}],"about":[{"href":"https:\/\/shop.kamaztrade.com\/vi\/wp-json\/wp\/v2\/types\/product"}],"wp:featuredmedia":[{"embeddable":true,"href":"https:\/\/shop.kamaztrade.com\/vi\/wp-json\/wp\/v2\/media\/11398"}],"wp:attachment":[{"href":"https:\/\/shop.kamaztrade.com\/vi\/wp-json\/wp\/v2\/media?parent=12129"}],"wp:term":[{"taxonomy":"product_cat","embeddable":true,"href":"https:\/\/shop.kamaztrade.com\/vi\/wp-json\/wp\/v2\/product_cat?post=12129"},{"taxonomy":"product_tag","embeddable":true,"href":"https:\/\/shop.kamaztrade.com\/vi\/wp-json\/wp\/v2\/product_tag?post=12129"}],"curies":[{"name":"wp","href":"https:\/\/api.w.org\/{rel}","templated":true}]}}