{"id":12144,"date":"2021-09-16T16:24:46","date_gmt":"2021-11-11T07:45:01","guid":{"rendered":"https:\/\/shop.kamaztrade.com\/?post_type=product&#038;p=12144"},"modified":"2021-11-11T11:31:14","modified_gmt":"2021-11-11T08:31:14","slug":"den-kich-thuoc-ben-hong-50-3731-08","status":"publish","type":"product","link":"https:\/\/shop.kamaztrade.com\/vi\/product\/den-kich-thuoc-ben-hong-50-3731-08\/","title":{"rendered":"\u0110\u00e8n k\u00edch th\u01b0\u1edbc b\u00ean h\u00f4ng"},"content":{"rendered":"","protected":false},"excerpt":{"rendered":"","protected":false},"featured_media":10743,"template":"","meta":[],"product_cat":[89],"product_tag":[],"acf":[],"_links":{"self":[{"href":"https:\/\/shop.kamaztrade.com\/vi\/wp-json\/wp\/v2\/product\/12144"}],"collection":[{"href":"https:\/\/shop.kamaztrade.com\/vi\/wp-json\/wp\/v2\/product"}],"about":[{"href":"https:\/\/shop.kamaztrade.com\/vi\/wp-json\/wp\/v2\/types\/product"}],"wp:featuredmedia":[{"embeddable":true,"href":"https:\/\/shop.kamaztrade.com\/vi\/wp-json\/wp\/v2\/media\/10743"}],"wp:attachment":[{"href":"https:\/\/shop.kamaztrade.com\/vi\/wp-json\/wp\/v2\/media?parent=12144"}],"wp:term":[{"taxonomy":"product_cat","embeddable":true,"href":"https:\/\/shop.kamaztrade.com\/vi\/wp-json\/wp\/v2\/product_cat?post=12144"},{"taxonomy":"product_tag","embeddable":true,"href":"https:\/\/shop.kamaztrade.com\/vi\/wp-json\/wp\/v2\/product_tag?post=12144"}],"curies":[{"name":"wp","href":"https:\/\/api.w.org\/{rel}","templated":true}]}}