{"id":12158,"date":"2020-11-25T23:27:18","date_gmt":"2021-11-11T08:19:23","guid":{"rendered":"https:\/\/shop.kamaztrade.com\/?post_type=product&#038;p=12158"},"modified":"2021-11-11T11:19:23","modified_gmt":"2021-11-11T08:19:23","slug":"la-con-dia-ly-hop","status":"publish","type":"product","link":"https:\/\/shop.kamaztrade.com\/vi\/product\/la-con-dia-ly-hop\/","title":{"rendered":"L\u00e1 c\u00f4n (\u0111\u0129a ly h\u1ee3p)"},"content":{"rendered":"","protected":false},"excerpt":{"rendered":"","protected":false},"featured_media":10763,"template":"","meta":[],"product_cat":[86],"product_tag":[],"acf":[],"_links":{"self":[{"href":"https:\/\/shop.kamaztrade.com\/vi\/wp-json\/wp\/v2\/product\/12158"}],"collection":[{"href":"https:\/\/shop.kamaztrade.com\/vi\/wp-json\/wp\/v2\/product"}],"about":[{"href":"https:\/\/shop.kamaztrade.com\/vi\/wp-json\/wp\/v2\/types\/product"}],"wp:featuredmedia":[{"embeddable":true,"href":"https:\/\/shop.kamaztrade.com\/vi\/wp-json\/wp\/v2\/media\/10763"}],"wp:attachment":[{"href":"https:\/\/shop.kamaztrade.com\/vi\/wp-json\/wp\/v2\/media?parent=12158"}],"wp:term":[{"taxonomy":"product_cat","embeddable":true,"href":"https:\/\/shop.kamaztrade.com\/vi\/wp-json\/wp\/v2\/product_cat?post=12158"},{"taxonomy":"product_tag","embeddable":true,"href":"https:\/\/shop.kamaztrade.com\/vi\/wp-json\/wp\/v2\/product_tag?post=12158"}],"curies":[{"name":"wp","href":"https:\/\/api.w.org\/{rel}","templated":true}]}}