{"id":12176,"date":"2021-03-15T17:11:34","date_gmt":"2021-03-15T14:11:34","guid":{"rendered":"https:\/\/shop.kamaztrade.com\/product\/den-kich-thuoc-ben-hong-2\/"},"modified":"2021-03-15T17:11:34","modified_gmt":"2021-03-15T14:11:34","slug":"den-kich-thuoc-ben-hong-2","status":"publish","type":"product","link":"https:\/\/shop.kamaztrade.com\/vi\/product\/den-kich-thuoc-ben-hong-2\/","title":{"rendered":"\u0110\u00e8n k\u00edch th\u01b0\u1edbc b\u00ean h\u00f4ng"},"content":{"rendered":"","protected":false},"excerpt":{"rendered":"","protected":false},"featured_media":10153,"template":"","meta":[],"product_cat":[89],"product_tag":[],"acf":[],"_links":{"self":[{"href":"https:\/\/shop.kamaztrade.com\/vi\/wp-json\/wp\/v2\/product\/12176"}],"collection":[{"href":"https:\/\/shop.kamaztrade.com\/vi\/wp-json\/wp\/v2\/product"}],"about":[{"href":"https:\/\/shop.kamaztrade.com\/vi\/wp-json\/wp\/v2\/types\/product"}],"wp:featuredmedia":[{"embeddable":true,"href":"https:\/\/shop.kamaztrade.com\/vi\/wp-json\/wp\/v2\/media\/10153"}],"wp:attachment":[{"href":"https:\/\/shop.kamaztrade.com\/vi\/wp-json\/wp\/v2\/media?parent=12176"}],"wp:term":[{"taxonomy":"product_cat","embeddable":true,"href":"https:\/\/shop.kamaztrade.com\/vi\/wp-json\/wp\/v2\/product_cat?post=12176"},{"taxonomy":"product_tag","embeddable":true,"href":"https:\/\/shop.kamaztrade.com\/vi\/wp-json\/wp\/v2\/product_tag?post=12176"}],"curies":[{"name":"wp","href":"https:\/\/api.w.org\/{rel}","templated":true}]}}