{"id":12182,"date":"2021-09-22T10:11:03","date_gmt":"2021-11-11T08:39:24","guid":{"rendered":"https:\/\/shop.kamaztrade.com\/?post_type=product&#038;p=12182"},"modified":"2021-11-11T11:39:24","modified_gmt":"2021-11-11T08:39:24","slug":"den-xi-nhan-go-ma-24v","status":"publish","type":"product","link":"https:\/\/shop.kamaztrade.com\/vi\/product\/den-xi-nhan-go-ma-24v\/","title":{"rendered":"\u0110\u00e8n xi nhan g\u00f2 m\u00e1 24V"},"content":{"rendered":"","protected":false},"excerpt":{"rendered":"","protected":false},"featured_media":10779,"template":"","meta":[],"product_cat":[89],"product_tag":[],"acf":[],"_links":{"self":[{"href":"https:\/\/shop.kamaztrade.com\/vi\/wp-json\/wp\/v2\/product\/12182"}],"collection":[{"href":"https:\/\/shop.kamaztrade.com\/vi\/wp-json\/wp\/v2\/product"}],"about":[{"href":"https:\/\/shop.kamaztrade.com\/vi\/wp-json\/wp\/v2\/types\/product"}],"wp:featuredmedia":[{"embeddable":true,"href":"https:\/\/shop.kamaztrade.com\/vi\/wp-json\/wp\/v2\/media\/10779"}],"wp:attachment":[{"href":"https:\/\/shop.kamaztrade.com\/vi\/wp-json\/wp\/v2\/media?parent=12182"}],"wp:term":[{"taxonomy":"product_cat","embeddable":true,"href":"https:\/\/shop.kamaztrade.com\/vi\/wp-json\/wp\/v2\/product_cat?post=12182"},{"taxonomy":"product_tag","embeddable":true,"href":"https:\/\/shop.kamaztrade.com\/vi\/wp-json\/wp\/v2\/product_tag?post=12182"}],"curies":[{"name":"wp","href":"https:\/\/api.w.org\/{rel}","templated":true}]}}