{"id":12191,"date":"2021-09-24T11:53:38","date_gmt":"2021-11-11T08:59:48","guid":{"rendered":"https:\/\/shop.kamaztrade.com\/?post_type=product&#038;p=12191"},"modified":"2021-11-11T11:59:48","modified_gmt":"2021-11-11T08:59:48","slug":"dem-cao-su-ket-lam-mat","status":"publish","type":"product","link":"https:\/\/shop.kamaztrade.com\/vi\/product\/dem-cao-su-ket-lam-mat\/","title":{"rendered":"\u0110\u1ec7m cao su k\u00e9t l\u00e0m m\u00e1t"},"content":{"rendered":"","protected":false},"excerpt":{"rendered":"","protected":false},"featured_media":10811,"template":"","meta":[],"product_cat":[84],"product_tag":[],"acf":[],"_links":{"self":[{"href":"https:\/\/shop.kamaztrade.com\/vi\/wp-json\/wp\/v2\/product\/12191"}],"collection":[{"href":"https:\/\/shop.kamaztrade.com\/vi\/wp-json\/wp\/v2\/product"}],"about":[{"href":"https:\/\/shop.kamaztrade.com\/vi\/wp-json\/wp\/v2\/types\/product"}],"wp:featuredmedia":[{"embeddable":true,"href":"https:\/\/shop.kamaztrade.com\/vi\/wp-json\/wp\/v2\/media\/10811"}],"wp:attachment":[{"href":"https:\/\/shop.kamaztrade.com\/vi\/wp-json\/wp\/v2\/media?parent=12191"}],"wp:term":[{"taxonomy":"product_cat","embeddable":true,"href":"https:\/\/shop.kamaztrade.com\/vi\/wp-json\/wp\/v2\/product_cat?post=12191"},{"taxonomy":"product_tag","embeddable":true,"href":"https:\/\/shop.kamaztrade.com\/vi\/wp-json\/wp\/v2\/product_tag?post=12191"}],"curies":[{"name":"wp","href":"https:\/\/api.w.org\/{rel}","templated":true}]}}