{"id":12418,"date":"2020-11-25T23:31:39","date_gmt":"2020-11-25T20:31:39","guid":{"rendered":"https:\/\/shop.kamaztrade.com\/product\/tong-phanh-hoi-co-ban-dap\/"},"modified":"2021-11-16T06:56:50","modified_gmt":"2021-11-16T03:56:50","slug":"tong-phanh-hoi-co-ban-dap","status":"publish","type":"product","link":"https:\/\/shop.kamaztrade.com\/vi\/product\/tong-phanh-hoi-co-ban-dap\/","title":{"rendered":"T\u1ed5ng phanh c\u00f3 b\u00e0n \u0111\u1ea1p"},"content":{"rendered":"<p>T\u1ed5ng phanh c\u00f3 b\u00e0n \u0111\u1ea1p, ph\u1edbt cao su, \u0111\u01b0\u1eddng k\u00ednh l\u1ed7 kho\u00e9t 10mm, \u00e1p su\u1ea5t l\u00e0m vi\u1ec7c 7,5-8,5kg\/cm2 (th\u00e2n &#8211; h\u1ee3p kim c\u1ee7a nh\u00f4m), xe KAMAZ<\/p>\n","protected":false},"excerpt":{"rendered":"<p>T\u1ed5ng phanh c\u00f3 b\u00e0n \u0111\u1ea1p, ph\u1edbt cao su, \u0111\u01b0\u1eddng k\u00ednh l\u1ed7 kho\u00e9t 10mm, \u00e1p su\u1ea5t l\u00e0m vi\u1ec7c 7,5-8,5kg\/cm2 (th\u00e2n &#8211; h\u1ee3p kim c\u1ee7a nh\u00f4m), xe KAMAZ<\/p>\n","protected":false},"featured_media":12419,"template":"","meta":[],"product_cat":[87],"product_tag":[],"acf":[],"_links":{"self":[{"href":"https:\/\/shop.kamaztrade.com\/vi\/wp-json\/wp\/v2\/product\/12418"}],"collection":[{"href":"https:\/\/shop.kamaztrade.com\/vi\/wp-json\/wp\/v2\/product"}],"about":[{"href":"https:\/\/shop.kamaztrade.com\/vi\/wp-json\/wp\/v2\/types\/product"}],"wp:featuredmedia":[{"embeddable":true,"href":"https:\/\/shop.kamaztrade.com\/vi\/wp-json\/wp\/v2\/media\/12419"}],"wp:attachment":[{"href":"https:\/\/shop.kamaztrade.com\/vi\/wp-json\/wp\/v2\/media?parent=12418"}],"wp:term":[{"taxonomy":"product_cat","embeddable":true,"href":"https:\/\/shop.kamaztrade.com\/vi\/wp-json\/wp\/v2\/product_cat?post=12418"},{"taxonomy":"product_tag","embeddable":true,"href":"https:\/\/shop.kamaztrade.com\/vi\/wp-json\/wp\/v2\/product_tag?post=12418"}],"curies":[{"name":"wp","href":"https:\/\/api.w.org\/{rel}","templated":true}]}}