{"id":12426,"date":"2021-10-25T13:41:05","date_gmt":"2021-11-16T06:56:18","guid":{"rendered":"https:\/\/shop.kamaztrade.com\/?post_type=product&#038;p=12426"},"modified":"2021-11-16T09:56:19","modified_gmt":"2021-11-16T06:56:19","slug":"nhip-cabin","status":"publish","type":"product","link":"https:\/\/shop.kamaztrade.com\/vi\/product\/nhip-cabin\/","title":{"rendered":"Nh\u00edp cabin"},"content":{"rendered":"<p>Nh\u00edp 5 l\u00e1, L=278,5 mm<\/p>\n","protected":false},"excerpt":{"rendered":"<p>Nh\u00edp 5 l\u00e1, L=278,5 mm<\/p>\n","protected":false},"featured_media":11116,"template":"","meta":[],"product_cat":[61],"product_tag":[],"acf":[],"_links":{"self":[{"href":"https:\/\/shop.kamaztrade.com\/vi\/wp-json\/wp\/v2\/product\/12426"}],"collection":[{"href":"https:\/\/shop.kamaztrade.com\/vi\/wp-json\/wp\/v2\/product"}],"about":[{"href":"https:\/\/shop.kamaztrade.com\/vi\/wp-json\/wp\/v2\/types\/product"}],"wp:featuredmedia":[{"embeddable":true,"href":"https:\/\/shop.kamaztrade.com\/vi\/wp-json\/wp\/v2\/media\/11116"}],"wp:attachment":[{"href":"https:\/\/shop.kamaztrade.com\/vi\/wp-json\/wp\/v2\/media?parent=12426"}],"wp:term":[{"taxonomy":"product_cat","embeddable":true,"href":"https:\/\/shop.kamaztrade.com\/vi\/wp-json\/wp\/v2\/product_cat?post=12426"},{"taxonomy":"product_tag","embeddable":true,"href":"https:\/\/shop.kamaztrade.com\/vi\/wp-json\/wp\/v2\/product_tag?post=12426"}],"curies":[{"name":"wp","href":"https:\/\/api.w.org\/{rel}","templated":true}]}}