{"id":12432,"date":"2020-11-25T23:25:35","date_gmt":"2021-11-16T07:11:05","guid":{"rendered":"https:\/\/shop.kamaztrade.com\/?post_type=product&#038;p=12432"},"modified":"2021-11-16T10:13:13","modified_gmt":"2021-11-16T07:13:13","slug":"ong-dan-gio-goc","status":"publish","type":"product","link":"https:\/\/shop.kamaztrade.com\/vi\/product\/ong-dan-gio-goc\/","title":{"rendered":"\u00d4\u0301ng d\u1eabn gi\u00f3 g\u00f3c"},"content":{"rendered":"<p>\u00d4\u0301ng d\u00e2\u0303n gio\u0301 cu\u0309a b\u00e2\u0300u l\u1ecdc gio\u0301<\/p>\n","protected":false},"excerpt":{"rendered":"<p>\u00d4\u0301ng d\u00e2\u0303n gio\u0301 cu\u0309a b\u00e2\u0300u l\u1ecdc gio\u0301<\/p>\n","protected":false},"featured_media":11134,"template":"","meta":[],"product_cat":[85],"product_tag":[],"acf":[],"_links":{"self":[{"href":"https:\/\/shop.kamaztrade.com\/vi\/wp-json\/wp\/v2\/product\/12432"}],"collection":[{"href":"https:\/\/shop.kamaztrade.com\/vi\/wp-json\/wp\/v2\/product"}],"about":[{"href":"https:\/\/shop.kamaztrade.com\/vi\/wp-json\/wp\/v2\/types\/product"}],"wp:featuredmedia":[{"embeddable":true,"href":"https:\/\/shop.kamaztrade.com\/vi\/wp-json\/wp\/v2\/media\/11134"}],"wp:attachment":[{"href":"https:\/\/shop.kamaztrade.com\/vi\/wp-json\/wp\/v2\/media?parent=12432"}],"wp:term":[{"taxonomy":"product_cat","embeddable":true,"href":"https:\/\/shop.kamaztrade.com\/vi\/wp-json\/wp\/v2\/product_cat?post=12432"},{"taxonomy":"product_tag","embeddable":true,"href":"https:\/\/shop.kamaztrade.com\/vi\/wp-json\/wp\/v2\/product_tag?post=12432"}],"curies":[{"name":"wp","href":"https:\/\/api.w.org\/{rel}","templated":true}]}}