{"id":12806,"date":"2020-11-25T23:31:37","date_gmt":"2020-11-25T20:31:37","guid":{"rendered":"https:\/\/shop.kamaztrade.com\/product\/may-nen-khi\/"},"modified":"2021-11-22T12:15:37","modified_gmt":"2021-11-22T09:15:37","slug":"may-nen-khi","status":"publish","type":"product","link":"https:\/\/shop.kamaztrade.com\/vi\/product\/may-nen-khi\/","title":{"rendered":"M\u00e1y n\u00e9n kh\u00ed (b\u01a1m h\u01a1i)"},"content":{"rendered":"<p>M\u00e1y n\u00e9n kh\u00ed (b\u01a1m h\u01a1i) \u0111\u1ee7 b\u1ed9, chuy\u1ec3n \u0111\u1ed9ng (t\u1ecbnh ti\u1ebfn) qua l\u1ea1i, 2 xi lanh, p\u00edt t\u00f4ng, c\u01a1 c\u1ea5u tay quay con tr\u01b0\u1ee3t, \u00e1p su\u1ea5t l\u00e0m vi\u1ec7c d\u01b0 th\u1eeba &#8211; 7.5 bar, n\u0103ng su\u1ea5t: 13.2 m3\/h, th\u00e2n &#8211; gang, d\u00f9ng cho xe KAMAZ<\/p>\n","protected":false},"excerpt":{"rendered":"<p>M\u00e1y n\u00e9n kh\u00ed (b\u01a1m h\u01a1i) \u0111\u1ee7 b\u1ed9, chuy\u1ec3n \u0111\u1ed9ng (t\u1ecbnh ti\u1ebfn) qua l\u1ea1i, 2 xi lanh, p\u00edt t\u00f4ng, c\u01a1 c\u1ea5u tay quay con tr\u01b0\u1ee3t, \u00e1p su\u1ea5t l\u00e0m vi\u1ec7c d\u01b0 th\u1eeba &#8211; 7.5 bar, n\u0103ng su\u1ea5t: 13.2 m3\/h, th\u00e2n &#8211; gang, d\u00f9ng cho xe KAMAZ<\/p>\n","protected":false},"featured_media":11881,"template":"","meta":[],"product_cat":[87],"product_tag":[],"acf":[],"_links":{"self":[{"href":"https:\/\/shop.kamaztrade.com\/vi\/wp-json\/wp\/v2\/product\/12806"}],"collection":[{"href":"https:\/\/shop.kamaztrade.com\/vi\/wp-json\/wp\/v2\/product"}],"about":[{"href":"https:\/\/shop.kamaztrade.com\/vi\/wp-json\/wp\/v2\/types\/product"}],"wp:featuredmedia":[{"embeddable":true,"href":"https:\/\/shop.kamaztrade.com\/vi\/wp-json\/wp\/v2\/media\/11881"}],"wp:attachment":[{"href":"https:\/\/shop.kamaztrade.com\/vi\/wp-json\/wp\/v2\/media?parent=12806"}],"wp:term":[{"taxonomy":"product_cat","embeddable":true,"href":"https:\/\/shop.kamaztrade.com\/vi\/wp-json\/wp\/v2\/product_cat?post=12806"},{"taxonomy":"product_tag","embeddable":true,"href":"https:\/\/shop.kamaztrade.com\/vi\/wp-json\/wp\/v2\/product_tag?post=12806"}],"curies":[{"name":"wp","href":"https:\/\/api.w.org\/{rel}","templated":true}]}}