{"id":12808,"date":"2020-11-25T23:29:04","date_gmt":"2020-11-25T20:29:04","guid":{"rendered":"https:\/\/shop.kamaztrade.com\/product\/may-nen-khi-bom-hoi\/"},"modified":"2021-11-22T12:19:44","modified_gmt":"2021-11-22T09:19:44","slug":"may-nen-khi-bom-hoi","status":"publish","type":"product","link":"https:\/\/shop.kamaztrade.com\/vi\/product\/may-nen-khi-bom-hoi\/","title":{"rendered":"M\u00e1y n\u00e9n kh\u00ed (b\u01a1m h\u01a1i)"},"content":{"rendered":"<p>M\u00e1y n\u00e9n kh\u00ed (b\u01a1m h\u01a1i) chuy\u1ec3n \u0111\u1ed9ng (t\u1ecbnh ti\u1ebfn) qua l\u1ea1i, 1 xi lanh, v\u1edbi c\u01a1 c\u1ea5u tay quay con tr\u01b0\u1ee3t, \u00e1p su\u1ea5t l\u00e0m vi\u1ec7c: 7.5 bar, n\u0103ng su\u1ea5t: 13.2 m3\/h, p\u00edt t\u00f4ng, th\u00e2n-gang<\/p>\n","protected":false},"excerpt":{"rendered":"<p>M\u00e1y n\u00e9n kh\u00ed (b\u01a1m h\u01a1i) chuy\u1ec3n \u0111\u1ed9ng (t\u1ecbnh ti\u1ebfn) qua l\u1ea1i, 1 xi lanh, v\u1edbi c\u01a1 c\u1ea5u tay quay con tr\u01b0\u1ee3t, \u00e1p su\u1ea5t l\u00e0m vi\u1ec7c: 7.5 bar, n\u0103ng su\u1ea5t: 13.2 m3\/h, p\u00edt t\u00f4ng, th\u00e2n-gang<\/p>\n","protected":false},"featured_media":11884,"template":"","meta":[],"product_cat":[87],"product_tag":[],"acf":[],"_links":{"self":[{"href":"https:\/\/shop.kamaztrade.com\/vi\/wp-json\/wp\/v2\/product\/12808"}],"collection":[{"href":"https:\/\/shop.kamaztrade.com\/vi\/wp-json\/wp\/v2\/product"}],"about":[{"href":"https:\/\/shop.kamaztrade.com\/vi\/wp-json\/wp\/v2\/types\/product"}],"wp:featuredmedia":[{"embeddable":true,"href":"https:\/\/shop.kamaztrade.com\/vi\/wp-json\/wp\/v2\/media\/11884"}],"wp:attachment":[{"href":"https:\/\/shop.kamaztrade.com\/vi\/wp-json\/wp\/v2\/media?parent=12808"}],"wp:term":[{"taxonomy":"product_cat","embeddable":true,"href":"https:\/\/shop.kamaztrade.com\/vi\/wp-json\/wp\/v2\/product_cat?post=12808"},{"taxonomy":"product_tag","embeddable":true,"href":"https:\/\/shop.kamaztrade.com\/vi\/wp-json\/wp\/v2\/product_tag?post=12808"}],"curies":[{"name":"wp","href":"https:\/\/api.w.org\/{rel}","templated":true}]}}