{"id":12811,"date":"2020-11-25T23:31:25","date_gmt":"2020-11-25T20:31:25","guid":{"rendered":"https:\/\/shop.kamaztrade.com\/product\/xi-lanh-may-nen-khi\/"},"modified":"2021-11-22T12:33:51","modified_gmt":"2021-11-22T09:33:51","slug":"xi-lanh-may-nen-khi","status":"publish","type":"product","link":"https:\/\/shop.kamaztrade.com\/vi\/product\/xi-lanh-may-nen-khi\/","title":{"rendered":"Xi lanh m\u00e1y n\u00e9n kh\u00ed"},"content":{"rendered":"<p>Xi lanh m\u00e1y n\u00e9n kh\u00ed (b\u01a1m h\u01a1i) phanh kh\u00ed n\u00e9n, b\u1eb1ng gang, d\u00f9ng cho xe KAMAZ<\/p>\n","protected":false},"excerpt":{"rendered":"<p>Xi lanh m\u00e1y n\u00e9n kh\u00ed (b\u01a1m h\u01a1i) phanh kh\u00ed n\u00e9n, b\u1eb1ng gang, d\u00f9ng cho xe KAMAZ<\/p>\n","protected":false},"featured_media":11891,"template":"","meta":[],"product_cat":[87],"product_tag":[],"acf":[],"_links":{"self":[{"href":"https:\/\/shop.kamaztrade.com\/vi\/wp-json\/wp\/v2\/product\/12811"}],"collection":[{"href":"https:\/\/shop.kamaztrade.com\/vi\/wp-json\/wp\/v2\/product"}],"about":[{"href":"https:\/\/shop.kamaztrade.com\/vi\/wp-json\/wp\/v2\/types\/product"}],"wp:featuredmedia":[{"embeddable":true,"href":"https:\/\/shop.kamaztrade.com\/vi\/wp-json\/wp\/v2\/media\/11891"}],"wp:attachment":[{"href":"https:\/\/shop.kamaztrade.com\/vi\/wp-json\/wp\/v2\/media?parent=12811"}],"wp:term":[{"taxonomy":"product_cat","embeddable":true,"href":"https:\/\/shop.kamaztrade.com\/vi\/wp-json\/wp\/v2\/product_cat?post=12811"},{"taxonomy":"product_tag","embeddable":true,"href":"https:\/\/shop.kamaztrade.com\/vi\/wp-json\/wp\/v2\/product_tag?post=12811"}],"curies":[{"name":"wp","href":"https:\/\/api.w.org\/{rel}","templated":true}]}}