{"id":12813,"date":"2020-11-25T23:31:31","date_gmt":"2020-11-25T20:31:31","guid":{"rendered":"https:\/\/shop.kamaztrade.com\/product\/binh-hoi\/"},"modified":"2021-11-22T12:38:24","modified_gmt":"2021-11-22T09:38:24","slug":"binh-hoi","status":"publish","type":"product","link":"https:\/\/shop.kamaztrade.com\/vi\/product\/binh-hoi\/","title":{"rendered":"B\u00ecnh h\u01a1i"},"content":{"rendered":"<p>B\u00ecnh h\u01a1i phanh kh\u00ed n\u00e9n, \u0111\u1ee7 b\u1ed9, b\u1eb1ng th\u00e9p, d\u00f9ng cho xe KAMAZ<\/p>\n","protected":false},"excerpt":{"rendered":"<p>B\u00ecnh h\u01a1i phanh kh\u00ed n\u00e9n, \u0111\u1ee7 b\u1ed9, b\u1eb1ng th\u00e9p, d\u00f9ng cho xe KAMAZ<\/p>\n","protected":false},"featured_media":12814,"template":"","meta":[],"product_cat":[87],"product_tag":[],"acf":[],"_links":{"self":[{"href":"https:\/\/shop.kamaztrade.com\/vi\/wp-json\/wp\/v2\/product\/12813"}],"collection":[{"href":"https:\/\/shop.kamaztrade.com\/vi\/wp-json\/wp\/v2\/product"}],"about":[{"href":"https:\/\/shop.kamaztrade.com\/vi\/wp-json\/wp\/v2\/types\/product"}],"wp:featuredmedia":[{"embeddable":true,"href":"https:\/\/shop.kamaztrade.com\/vi\/wp-json\/wp\/v2\/media\/12814"}],"wp:attachment":[{"href":"https:\/\/shop.kamaztrade.com\/vi\/wp-json\/wp\/v2\/media?parent=12813"}],"wp:term":[{"taxonomy":"product_cat","embeddable":true,"href":"https:\/\/shop.kamaztrade.com\/vi\/wp-json\/wp\/v2\/product_cat?post=12813"},{"taxonomy":"product_tag","embeddable":true,"href":"https:\/\/shop.kamaztrade.com\/vi\/wp-json\/wp\/v2\/product_tag?post=12813"}],"curies":[{"name":"wp","href":"https:\/\/api.w.org\/{rel}","templated":true}]}}