{"id":12877,"date":"2021-11-08T21:51:46","date_gmt":"2021-11-24T10:17:33","guid":{"rendered":"https:\/\/shop.kamaztrade.com\/?post_type=product&#038;p=12877"},"modified":"2021-11-24T13:17:33","modified_gmt":"2021-11-24T10:17:33","slug":"thiet-bi-nang-ha-kinh-ben-trai","status":"publish","type":"product","link":"https:\/\/shop.kamaztrade.com\/vi\/product\/thiet-bi-nang-ha-kinh-ben-trai\/","title":{"rendered":"Thi\u1ebft b\u1ecb n\u00e2ng h\u1ea1 k\u00ednh b\u00ean tr\u00e1i"},"content":{"rendered":"","protected":false},"excerpt":{"rendered":"","protected":false},"featured_media":11946,"template":"","meta":[],"product_cat":[61],"product_tag":[],"acf":[],"_links":{"self":[{"href":"https:\/\/shop.kamaztrade.com\/vi\/wp-json\/wp\/v2\/product\/12877"}],"collection":[{"href":"https:\/\/shop.kamaztrade.com\/vi\/wp-json\/wp\/v2\/product"}],"about":[{"href":"https:\/\/shop.kamaztrade.com\/vi\/wp-json\/wp\/v2\/types\/product"}],"wp:featuredmedia":[{"embeddable":true,"href":"https:\/\/shop.kamaztrade.com\/vi\/wp-json\/wp\/v2\/media\/11946"}],"wp:attachment":[{"href":"https:\/\/shop.kamaztrade.com\/vi\/wp-json\/wp\/v2\/media?parent=12877"}],"wp:term":[{"taxonomy":"product_cat","embeddable":true,"href":"https:\/\/shop.kamaztrade.com\/vi\/wp-json\/wp\/v2\/product_cat?post=12877"},{"taxonomy":"product_tag","embeddable":true,"href":"https:\/\/shop.kamaztrade.com\/vi\/wp-json\/wp\/v2\/product_tag?post=12877"}],"curies":[{"name":"wp","href":"https:\/\/api.w.org\/{rel}","templated":true}]}}