{"id":12998,"date":"2020-11-25T23:24:15","date_gmt":"2021-11-30T10:31:05","guid":{"rendered":"https:\/\/shop.kamaztrade.com\/?post_type=product&#038;p=12998"},"modified":"2021-11-30T13:31:05","modified_gmt":"2021-11-30T10:31:05","slug":"ket-lam-mat-khi-nap","status":"publish","type":"product","link":"https:\/\/shop.kamaztrade.com\/vi\/product\/ket-lam-mat-khi-nap\/","title":{"rendered":"K\u00e9t l\u00e0m m\u00e1t kh\u00ed n\u1ea1p"},"content":{"rendered":"","protected":false},"excerpt":{"rendered":"","protected":false},"featured_media":12308,"template":"","meta":[],"product_cat":[85],"product_tag":[],"acf":[],"_links":{"self":[{"href":"https:\/\/shop.kamaztrade.com\/vi\/wp-json\/wp\/v2\/product\/12998"}],"collection":[{"href":"https:\/\/shop.kamaztrade.com\/vi\/wp-json\/wp\/v2\/product"}],"about":[{"href":"https:\/\/shop.kamaztrade.com\/vi\/wp-json\/wp\/v2\/types\/product"}],"wp:featuredmedia":[{"embeddable":true,"href":"https:\/\/shop.kamaztrade.com\/vi\/wp-json\/wp\/v2\/media\/12308"}],"wp:attachment":[{"href":"https:\/\/shop.kamaztrade.com\/vi\/wp-json\/wp\/v2\/media?parent=12998"}],"wp:term":[{"taxonomy":"product_cat","embeddable":true,"href":"https:\/\/shop.kamaztrade.com\/vi\/wp-json\/wp\/v2\/product_cat?post=12998"},{"taxonomy":"product_tag","embeddable":true,"href":"https:\/\/shop.kamaztrade.com\/vi\/wp-json\/wp\/v2\/product_tag?post=12998"}],"curies":[{"name":"wp","href":"https:\/\/api.w.org\/{rel}","templated":true}]}}