{"id":13915,"date":"2020-11-25T23:31:36","date_gmt":"2020-11-25T20:31:36","guid":{"rendered":"https:\/\/shop.kamaztrade.com\/product\/guoc-phanh\/"},"modified":"2021-12-22T10:13:40","modified_gmt":"2021-12-22T07:13:40","slug":"guoc-phanh","status":"publish","type":"product","link":"https:\/\/shop.kamaztrade.com\/vi\/product\/guoc-phanh\/","title":{"rendered":"Gu\u1ed1c phanh"},"content":{"rendered":"<p>Gu\u1ed1c phanh c\u1ee7a phanh tr\u1ed1ng, c\u00f9ng m\u00e1 phanh \u0111\u1ee7 b\u1ed9, b\u1eb1ng th\u00e9p, d\u00f9ng cho xe KAMAZ<\/p>\n","protected":false},"excerpt":{"rendered":"<p>Gu\u1ed1c phanh c\u1ee7a phanh tr\u1ed1ng, c\u00f9ng m\u00e1 phanh \u0111\u1ee7 b\u1ed9, b\u1eb1ng th\u00e9p, d\u00f9ng cho xe KAMAZ<\/p>\n","protected":false},"featured_media":12113,"template":"","meta":[],"product_cat":[87],"product_tag":[],"acf":[],"_links":{"self":[{"href":"https:\/\/shop.kamaztrade.com\/vi\/wp-json\/wp\/v2\/product\/13915"}],"collection":[{"href":"https:\/\/shop.kamaztrade.com\/vi\/wp-json\/wp\/v2\/product"}],"about":[{"href":"https:\/\/shop.kamaztrade.com\/vi\/wp-json\/wp\/v2\/types\/product"}],"wp:featuredmedia":[{"embeddable":true,"href":"https:\/\/shop.kamaztrade.com\/vi\/wp-json\/wp\/v2\/media\/12113"}],"wp:attachment":[{"href":"https:\/\/shop.kamaztrade.com\/vi\/wp-json\/wp\/v2\/media?parent=13915"}],"wp:term":[{"taxonomy":"product_cat","embeddable":true,"href":"https:\/\/shop.kamaztrade.com\/vi\/wp-json\/wp\/v2\/product_cat?post=13915"},{"taxonomy":"product_tag","embeddable":true,"href":"https:\/\/shop.kamaztrade.com\/vi\/wp-json\/wp\/v2\/product_tag?post=13915"}],"curies":[{"name":"wp","href":"https:\/\/api.w.org\/{rel}","templated":true}]}}