{"id":13918,"date":"2020-11-25T23:30:00","date_gmt":"2020-11-25T20:30:00","guid":{"rendered":"https:\/\/shop.kamaztrade.com\/product\/binh-hoi-2\/"},"modified":"2021-12-22T10:21:29","modified_gmt":"2021-12-22T07:21:29","slug":"binh-hoi-2","status":"publish","type":"product","link":"https:\/\/shop.kamaztrade.com\/vi\/product\/binh-hoi-2\/","title":{"rendered":"B\u00ecnh h\u01a1i"},"content":{"rendered":"<p>B\u00ecnh h\u01a1i phanh kh\u00ed n\u00e9n, \u0111\u1ee7 b\u1ed9 (b\u1eb1ng th\u00e9p), d\u00e0nh cho xe KAMAZ<\/p>\n","protected":false},"excerpt":{"rendered":"<p>B\u00ecnh h\u01a1i phanh kh\u00ed n\u00e9n, \u0111\u1ee7 b\u1ed9 (b\u1eb1ng th\u00e9p), d\u00e0nh cho xe KAMAZ<\/p>\n","protected":false},"featured_media":12121,"template":"","meta":[],"product_cat":[87],"product_tag":[],"acf":[],"_links":{"self":[{"href":"https:\/\/shop.kamaztrade.com\/vi\/wp-json\/wp\/v2\/product\/13918"}],"collection":[{"href":"https:\/\/shop.kamaztrade.com\/vi\/wp-json\/wp\/v2\/product"}],"about":[{"href":"https:\/\/shop.kamaztrade.com\/vi\/wp-json\/wp\/v2\/types\/product"}],"wp:featuredmedia":[{"embeddable":true,"href":"https:\/\/shop.kamaztrade.com\/vi\/wp-json\/wp\/v2\/media\/12121"}],"wp:attachment":[{"href":"https:\/\/shop.kamaztrade.com\/vi\/wp-json\/wp\/v2\/media?parent=13918"}],"wp:term":[{"taxonomy":"product_cat","embeddable":true,"href":"https:\/\/shop.kamaztrade.com\/vi\/wp-json\/wp\/v2\/product_cat?post=13918"},{"taxonomy":"product_tag","embeddable":true,"href":"https:\/\/shop.kamaztrade.com\/vi\/wp-json\/wp\/v2\/product_tag?post=13918"}],"curies":[{"name":"wp","href":"https:\/\/api.w.org\/{rel}","templated":true}]}}