{"id":14161,"date":"2020-11-25T23:18:31","date_gmt":"2020-11-25T20:18:31","guid":{"rendered":"https:\/\/shop.kamaztrade.com\/product\/ket-nuoc-lam-mat-4\/"},"modified":"2021-12-28T12:19:43","modified_gmt":"2021-12-28T09:19:43","slug":"ket-nuoc-lam-mat-4","status":"publish","type":"product","link":"https:\/\/shop.kamaztrade.com\/vi\/product\/ket-nuoc-lam-mat-4\/","title":{"rendered":"K\u00e9t n\u01b0\u1edbc l\u00e0m m\u00e1t"},"content":{"rendered":"<p>K\u00e9t n\u01b0\u1edbc l\u00e0m m\u00e1t c\u1ee7a h\u1ec7 th\u1ed1ng l\u00e0m m\u00e1t, \u0111\u1ee7 b\u1ed9 (b\u0103ng t\u1ea3n nhi\u1ec7t b\u1eb1ng \u0111\u1ed3ng, \u0111\u1ed3ng thau), d\u00f9ng cho xe KAMAZ<\/p>\n","protected":false},"excerpt":{"rendered":"<p>K\u00e9t n\u01b0\u1edbc l\u00e0m m\u00e1t c\u1ee7a h\u1ec7 th\u1ed1ng l\u00e0m m\u00e1t, \u0111\u1ee7 b\u1ed9 (b\u0103ng t\u1ea3n nhi\u1ec7t b\u1eb1ng \u0111\u1ed3ng, \u0111\u1ed3ng thau), d\u00f9ng cho xe KAMAZ<\/p>\n","protected":false},"featured_media":12363,"template":"","meta":[],"product_cat":[84],"product_tag":[],"acf":[],"_links":{"self":[{"href":"https:\/\/shop.kamaztrade.com\/vi\/wp-json\/wp\/v2\/product\/14161"}],"collection":[{"href":"https:\/\/shop.kamaztrade.com\/vi\/wp-json\/wp\/v2\/product"}],"about":[{"href":"https:\/\/shop.kamaztrade.com\/vi\/wp-json\/wp\/v2\/types\/product"}],"wp:featuredmedia":[{"embeddable":true,"href":"https:\/\/shop.kamaztrade.com\/vi\/wp-json\/wp\/v2\/media\/12363"}],"wp:attachment":[{"href":"https:\/\/shop.kamaztrade.com\/vi\/wp-json\/wp\/v2\/media?parent=14161"}],"wp:term":[{"taxonomy":"product_cat","embeddable":true,"href":"https:\/\/shop.kamaztrade.com\/vi\/wp-json\/wp\/v2\/product_cat?post=14161"},{"taxonomy":"product_tag","embeddable":true,"href":"https:\/\/shop.kamaztrade.com\/vi\/wp-json\/wp\/v2\/product_tag?post=14161"}],"curies":[{"name":"wp","href":"https:\/\/api.w.org\/{rel}","templated":true}]}}