{"id":14172,"date":"2020-11-25T23:39:27","date_gmt":"2020-11-25T20:39:27","guid":{"rendered":"https:\/\/shop.kamaztrade.com\/product\/may-khoi-dong-cu-de-3\/"},"modified":"2021-12-28T12:57:23","modified_gmt":"2021-12-28T09:57:23","slug":"may-khoi-dong-cu-de-3","status":"publish","type":"product","link":"https:\/\/shop.kamaztrade.com\/vi\/product\/may-khoi-dong-cu-de-3\/","title":{"rendered":"M\u00e1y kh\u1edfi \u0111\u1ed9ng (c\u1ee7 \u0111\u1ec1)"},"content":{"rendered":"<p>M\u00e1y kh\u1edfi \u0111\u1ed9ng, \u0111\u1ee7 b\u1ed9, \u0111\u1ec3 kh\u1edfi \u0111\u1ed9ng \u0111\u1ed9ng c\u01a1 \u0111\u1ed1t trong (th\u00e2n th\u00e9p), d\u00f9ng cho xe KAMAZ<\/p>\n","protected":false},"excerpt":{"rendered":"<p>M\u00e1y kh\u1edfi \u0111\u1ed9ng, \u0111\u1ee7 b\u1ed9, \u0111\u1ec3 kh\u1edfi \u0111\u1ed9ng \u0111\u1ed9ng c\u01a1 \u0111\u1ed1t trong (th\u00e2n th\u00e9p), d\u00f9ng cho xe KAMAZ<\/p>\n","protected":false},"featured_media":12459,"template":"","meta":[],"product_cat":[89],"product_tag":[],"acf":[],"_links":{"self":[{"href":"https:\/\/shop.kamaztrade.com\/vi\/wp-json\/wp\/v2\/product\/14172"}],"collection":[{"href":"https:\/\/shop.kamaztrade.com\/vi\/wp-json\/wp\/v2\/product"}],"about":[{"href":"https:\/\/shop.kamaztrade.com\/vi\/wp-json\/wp\/v2\/types\/product"}],"wp:featuredmedia":[{"embeddable":true,"href":"https:\/\/shop.kamaztrade.com\/vi\/wp-json\/wp\/v2\/media\/12459"}],"wp:attachment":[{"href":"https:\/\/shop.kamaztrade.com\/vi\/wp-json\/wp\/v2\/media?parent=14172"}],"wp:term":[{"taxonomy":"product_cat","embeddable":true,"href":"https:\/\/shop.kamaztrade.com\/vi\/wp-json\/wp\/v2\/product_cat?post=14172"},{"taxonomy":"product_tag","embeddable":true,"href":"https:\/\/shop.kamaztrade.com\/vi\/wp-json\/wp\/v2\/product_tag?post=14172"}],"curies":[{"name":"wp","href":"https:\/\/api.w.org\/{rel}","templated":true}]}}