{"id":14803,"date":"2021-11-24T18:56:21","date_gmt":"2022-01-06T02:26:00","guid":{"rendered":"https:\/\/shop.kamaztrade.com\/?post_type=product&#038;p=14803"},"modified":"2022-01-06T05:26:00","modified_gmt":"2022-01-06T02:26:00","slug":"gia-do-trai","status":"publish","type":"product","link":"https:\/\/shop.kamaztrade.com\/vi\/product\/gia-do-trai\/","title":{"rendered":"Gi\u00e1 \u0111\u1ee1 tr\u00e1i"},"content":{"rendered":"<p>Gi\u00e1 \u0111\u1ee1 m\u00e1y l\u00e0m m\u00e1t kh\u00f4ng kh\u00ed<\/p>\n","protected":false},"excerpt":{"rendered":"<p>Gi\u00e1 \u0111\u1ee1 m\u00e1y l\u00e0m m\u00e1t kh\u00f4ng kh\u00ed<\/p>\n","protected":false},"featured_media":12948,"template":"","meta":[],"product_cat":[87],"product_tag":[],"acf":[],"_links":{"self":[{"href":"https:\/\/shop.kamaztrade.com\/vi\/wp-json\/wp\/v2\/product\/14803"}],"collection":[{"href":"https:\/\/shop.kamaztrade.com\/vi\/wp-json\/wp\/v2\/product"}],"about":[{"href":"https:\/\/shop.kamaztrade.com\/vi\/wp-json\/wp\/v2\/types\/product"}],"wp:featuredmedia":[{"embeddable":true,"href":"https:\/\/shop.kamaztrade.com\/vi\/wp-json\/wp\/v2\/media\/12948"}],"wp:attachment":[{"href":"https:\/\/shop.kamaztrade.com\/vi\/wp-json\/wp\/v2\/media?parent=14803"}],"wp:term":[{"taxonomy":"product_cat","embeddable":true,"href":"https:\/\/shop.kamaztrade.com\/vi\/wp-json\/wp\/v2\/product_cat?post=14803"},{"taxonomy":"product_tag","embeddable":true,"href":"https:\/\/shop.kamaztrade.com\/vi\/wp-json\/wp\/v2\/product_tag?post=14803"}],"curies":[{"name":"wp","href":"https:\/\/api.w.org\/{rel}","templated":true}]}}