{"id":14829,"date":"2020-11-25T23:18:44","date_gmt":"2020-11-25T20:18:44","guid":{"rendered":"https:\/\/shop.kamaztrade.com\/product\/binh-chua-nuoc-lam-mat\/"},"modified":"2022-01-06T06:09:16","modified_gmt":"2022-01-06T03:09:16","slug":"binh-chua-nuoc-lam-mat","status":"publish","type":"product","link":"https:\/\/shop.kamaztrade.com\/vi\/product\/binh-chua-nuoc-lam-mat\/","title":{"rendered":"B\u00ecnh ch\u1ee9a n\u01b0\u1edbc l\u00e0m m\u00e1t"},"content":{"rendered":"<p>B\u00ecnh ch\u1ee9a n\u01b0\u1edbc l\u00e0m m\u00e1t c\u1ee7a h\u1ec7 th\u1ed1ng l\u00e0m m\u00e1t, \u0111\u1ee7 b\u1ed9, th\u00e2n b\u1eb1ng nh\u1ef1a, d\u00f9ng cho xe KAMAZ<\/p>\n","protected":false},"excerpt":{"rendered":"<p>B\u00ecnh ch\u1ee9a n\u01b0\u1edbc l\u00e0m m\u00e1t c\u1ee7a h\u1ec7 th\u1ed1ng l\u00e0m m\u00e1t, \u0111\u1ee7 b\u1ed9, th\u00e2n b\u1eb1ng nh\u1ef1a, d\u00f9ng cho xe KAMAZ<\/p>\n","protected":false},"featured_media":13032,"template":"","meta":[],"product_cat":[84],"product_tag":[],"acf":[],"_links":{"self":[{"href":"https:\/\/shop.kamaztrade.com\/vi\/wp-json\/wp\/v2\/product\/14829"}],"collection":[{"href":"https:\/\/shop.kamaztrade.com\/vi\/wp-json\/wp\/v2\/product"}],"about":[{"href":"https:\/\/shop.kamaztrade.com\/vi\/wp-json\/wp\/v2\/types\/product"}],"wp:featuredmedia":[{"embeddable":true,"href":"https:\/\/shop.kamaztrade.com\/vi\/wp-json\/wp\/v2\/media\/13032"}],"wp:attachment":[{"href":"https:\/\/shop.kamaztrade.com\/vi\/wp-json\/wp\/v2\/media?parent=14829"}],"wp:term":[{"taxonomy":"product_cat","embeddable":true,"href":"https:\/\/shop.kamaztrade.com\/vi\/wp-json\/wp\/v2\/product_cat?post=14829"},{"taxonomy":"product_tag","embeddable":true,"href":"https:\/\/shop.kamaztrade.com\/vi\/wp-json\/wp\/v2\/product_tag?post=14829"}],"curies":[{"name":"wp","href":"https:\/\/api.w.org\/{rel}","templated":true}]}}