{"id":14982,"date":"2020-11-25T23:38:52","date_gmt":"2020-11-25T20:38:52","guid":{"rendered":"https:\/\/shop.kamaztrade.com\/product\/may-phat-dien-6582-3701-02\/"},"modified":"2022-01-07T07:43:45","modified_gmt":"2022-01-07T04:43:45","slug":"may-phat-dien-6582-3701-02","status":"publish","type":"product","link":"https:\/\/shop.kamaztrade.com\/vi\/product\/may-phat-dien-6582-3701-02\/","title":{"rendered":"M\u00e1y ph\u00e1t \u0111i\u1ec7n 6582.3701-02"},"content":{"rendered":"<p>M\u00e1y ph\u00e1t \u0111i\u1ec7n c\u1ee7a h\u1ec7 th\u1ed1ng thi\u1ebft b\u1ecb \u0111i\u1ec7n, ba pha, \u0111\u1ed3ng b\u1ed9, c\u00f3 b\u1ed9 ch\u1ec9nh l\u01b0u \u0111\u1ec3 t\u1ea1o ra d\u00f2ng \u0111i\u1ec7n m\u1ed9t chi\u1ec1u ((\u0111i\u1ec7n \u00e1p danh \u0111\u1ecbnh &#8211; 24V)<\/p>\n","protected":false},"excerpt":{"rendered":"<p>M\u00e1y ph\u00e1t \u0111i\u1ec7n c\u1ee7a h\u1ec7 th\u1ed1ng thi\u1ebft b\u1ecb \u0111i\u1ec7n, ba pha, \u0111\u1ed3ng b\u1ed9, c\u00f3 b\u1ed9 ch\u1ec9nh l\u01b0u \u0111\u1ec3 t\u1ea1o ra d\u00f2ng \u0111i\u1ec7n m\u1ed9t chi\u1ec1u ((\u0111i\u1ec7n \u00e1p danh \u0111\u1ecbnh &#8211; 24V)<\/p>\n","protected":false},"featured_media":13337,"template":"","meta":[],"product_cat":[89],"product_tag":[],"acf":[],"_links":{"self":[{"href":"https:\/\/shop.kamaztrade.com\/vi\/wp-json\/wp\/v2\/product\/14982"}],"collection":[{"href":"https:\/\/shop.kamaztrade.com\/vi\/wp-json\/wp\/v2\/product"}],"about":[{"href":"https:\/\/shop.kamaztrade.com\/vi\/wp-json\/wp\/v2\/types\/product"}],"wp:featuredmedia":[{"embeddable":true,"href":"https:\/\/shop.kamaztrade.com\/vi\/wp-json\/wp\/v2\/media\/13337"}],"wp:attachment":[{"href":"https:\/\/shop.kamaztrade.com\/vi\/wp-json\/wp\/v2\/media?parent=14982"}],"wp:term":[{"taxonomy":"product_cat","embeddable":true,"href":"https:\/\/shop.kamaztrade.com\/vi\/wp-json\/wp\/v2\/product_cat?post=14982"},{"taxonomy":"product_tag","embeddable":true,"href":"https:\/\/shop.kamaztrade.com\/vi\/wp-json\/wp\/v2\/product_tag?post=14982"}],"curies":[{"name":"wp","href":"https:\/\/api.w.org\/{rel}","templated":true}]}}