{"id":15107,"date":"2020-11-25T23:24:20","date_gmt":"2020-11-25T20:24:20","guid":{"rendered":"https:\/\/shop.kamaztrade.com\/product\/turbo-tang-ap-tkr7s-6m-trai\/"},"modified":"2022-01-17T10:51:32","modified_gmt":"2022-01-17T07:51:32","slug":"turbo-tang-ap-tkr7s-6m-trai","status":"publish","type":"product","link":"https:\/\/shop.kamaztrade.com\/vi\/product\/turbo-tang-ap-tkr7s-6m-trai\/","title":{"rendered":"Turbo t\u0103ng \u00e1p \u0422\u041a\u04207\u0421-6M tr\u00e1i"},"content":{"rendered":"<p>Turbo t\u0103ng \u00e1p ly t\u00e2m, tr\u00e1i, 1 c\u1ea5p, \u00e1p su\u1ea5t l\u00e0m vi\u1ec7c d\u01b0 th\u1eeba \u1edf c\u00f4ng xu\u1ea5t danh \u0111\u1ecbnh &#8211; 2 bar, n\u0103ng su\u1ea5t 900m3\/h, th\u00e2n &#8211; gang, d\u00f9ng cho xe KAMAZ, EURO 3<\/p>\n","protected":false},"excerpt":{"rendered":"<p>Turbo t\u0103ng \u00e1p ly t\u00e2m, tr\u00e1i, 1 c\u1ea5p, \u00e1p su\u1ea5t l\u00e0m vi\u1ec7c d\u01b0 th\u1eeba \u1edf c\u00f4ng xu\u1ea5t danh \u0111\u1ecbnh &#8211; 2 bar, n\u0103ng su\u1ea5t 900m3\/h, th\u00e2n &#8211; gang, d\u00f9ng cho xe KAMAZ, EURO 3<\/p>\n","protected":false},"featured_media":15108,"template":"","meta":[],"product_cat":[85],"product_tag":[],"acf":[],"_links":{"self":[{"href":"https:\/\/shop.kamaztrade.com\/vi\/wp-json\/wp\/v2\/product\/15107"}],"collection":[{"href":"https:\/\/shop.kamaztrade.com\/vi\/wp-json\/wp\/v2\/product"}],"about":[{"href":"https:\/\/shop.kamaztrade.com\/vi\/wp-json\/wp\/v2\/types\/product"}],"wp:featuredmedia":[{"embeddable":true,"href":"https:\/\/shop.kamaztrade.com\/vi\/wp-json\/wp\/v2\/media\/15108"}],"wp:attachment":[{"href":"https:\/\/shop.kamaztrade.com\/vi\/wp-json\/wp\/v2\/media?parent=15107"}],"wp:term":[{"taxonomy":"product_cat","embeddable":true,"href":"https:\/\/shop.kamaztrade.com\/vi\/wp-json\/wp\/v2\/product_cat?post=15107"},{"taxonomy":"product_tag","embeddable":true,"href":"https:\/\/shop.kamaztrade.com\/vi\/wp-json\/wp\/v2\/product_tag?post=15107"}],"curies":[{"name":"wp","href":"https:\/\/api.w.org\/{rel}","templated":true}]}}