{"id":15121,"date":"2020-11-25T23:21:59","date_gmt":"2020-11-25T20:21:59","guid":{"rendered":"https:\/\/shop.kamaztrade.com\/product\/turbo-tang-ap-4\/"},"modified":"2022-01-17T11:40:39","modified_gmt":"2022-01-17T08:40:39","slug":"turbo-tang-ap-4","status":"publish","type":"product","link":"https:\/\/shop.kamaztrade.com\/vi\/product\/turbo-tang-ap-4\/","title":{"rendered":"Turbo t\u0103ng \u00e1p"},"content":{"rendered":"<p>Turbo t\u0103ng \u00e1p ly t\u00e2m, 1 c\u1ea5p, \u00e1p su\u1ea5t l\u00e0m vi\u1ec7c d\u01b0 th\u1eeba \u1edf c\u00f4ng xu\u1ea5t danh \u0111\u1ecbnh &#8211; 2 bar, n\u0103ng su\u1ea5t: 900m3\/h, tr\u1ecdng l\u01b0\u1ee3ng kh\u00f4ng qu\u00e1 12kg, th\u00e2n &#8211; gang, d\u00f9ng cho xe KAMAZ<\/p>\n","protected":false},"excerpt":{"rendered":"<p>Turbo t\u0103ng \u00e1p ly t\u00e2m, 1 c\u1ea5p, \u00e1p su\u1ea5t l\u00e0m vi\u1ec7c d\u01b0 th\u1eeba \u1edf c\u00f4ng xu\u1ea5t danh \u0111\u1ecbnh &#8211; 2 bar, n\u0103ng su\u1ea5t: 900m3\/h, tr\u1ecdng l\u01b0\u1ee3ng kh\u00f4ng qu\u00e1 12kg, th\u00e2n &#8211; gang, d\u00f9ng cho xe KAMAZ<\/p>\n","protected":false},"featured_media":13812,"template":"","meta":[],"product_cat":[85],"product_tag":[],"acf":[],"_links":{"self":[{"href":"https:\/\/shop.kamaztrade.com\/vi\/wp-json\/wp\/v2\/product\/15121"}],"collection":[{"href":"https:\/\/shop.kamaztrade.com\/vi\/wp-json\/wp\/v2\/product"}],"about":[{"href":"https:\/\/shop.kamaztrade.com\/vi\/wp-json\/wp\/v2\/types\/product"}],"wp:featuredmedia":[{"embeddable":true,"href":"https:\/\/shop.kamaztrade.com\/vi\/wp-json\/wp\/v2\/media\/13812"}],"wp:attachment":[{"href":"https:\/\/shop.kamaztrade.com\/vi\/wp-json\/wp\/v2\/media?parent=15121"}],"wp:term":[{"taxonomy":"product_cat","embeddable":true,"href":"https:\/\/shop.kamaztrade.com\/vi\/wp-json\/wp\/v2\/product_cat?post=15121"},{"taxonomy":"product_tag","embeddable":true,"href":"https:\/\/shop.kamaztrade.com\/vi\/wp-json\/wp\/v2\/product_tag?post=15121"}],"curies":[{"name":"wp","href":"https:\/\/api.w.org\/{rel}","templated":true}]}}