{"id":15250,"date":"2020-11-25T23:39:29","date_gmt":"2020-11-25T20:39:29","guid":{"rendered":"https:\/\/shop.kamaztrade.com\/product\/den-7452-3716-08-ben-trai\/"},"modified":"2022-02-21T06:55:32","modified_gmt":"2022-02-21T03:55:32","slug":"den-7452-3716-08-ben-trai","status":"publish","type":"product","link":"https:\/\/shop.kamaztrade.com\/vi\/product\/den-7452-3716-08-ben-trai\/","title":{"rendered":"\u0110\u00e8n 7452.3716-08 (b\u00ean tr\u00e1i)"},"content":{"rendered":"<p>\u0110\u00e8n h\u1eadu tr\u00e1i (th\u00e2n &#8211; th\u00e9p, n\u1eafp &#8211; nh\u1ef1a), d\u00f9ng cho xe KAMAZ<\/p>\n","protected":false},"excerpt":{"rendered":"<p>\u0110\u00e8n h\u1eadu tr\u00e1i (th\u00e2n &#8211; th\u00e9p, n\u1eafp &#8211; nh\u1ef1a), d\u00f9ng cho xe KAMAZ<\/p>\n","protected":false},"featured_media":13981,"template":"","meta":[],"product_cat":[89],"product_tag":[],"acf":[],"_links":{"self":[{"href":"https:\/\/shop.kamaztrade.com\/vi\/wp-json\/wp\/v2\/product\/15250"}],"collection":[{"href":"https:\/\/shop.kamaztrade.com\/vi\/wp-json\/wp\/v2\/product"}],"about":[{"href":"https:\/\/shop.kamaztrade.com\/vi\/wp-json\/wp\/v2\/types\/product"}],"wp:featuredmedia":[{"embeddable":true,"href":"https:\/\/shop.kamaztrade.com\/vi\/wp-json\/wp\/v2\/media\/13981"}],"wp:attachment":[{"href":"https:\/\/shop.kamaztrade.com\/vi\/wp-json\/wp\/v2\/media?parent=15250"}],"wp:term":[{"taxonomy":"product_cat","embeddable":true,"href":"https:\/\/shop.kamaztrade.com\/vi\/wp-json\/wp\/v2\/product_cat?post=15250"},{"taxonomy":"product_tag","embeddable":true,"href":"https:\/\/shop.kamaztrade.com\/vi\/wp-json\/wp\/v2\/product_tag?post=15250"}],"curies":[{"name":"wp","href":"https:\/\/api.w.org\/{rel}","templated":true}]}}