{"id":15269,"date":"2021-12-23T13:17:21","date_gmt":"2022-02-21T04:48:40","guid":{"rendered":"https:\/\/shop.kamaztrade.com\/?post_type=product&#038;p=15269"},"modified":"2022-02-21T07:48:40","modified_gmt":"2022-02-21T04:48:40","slug":"den-kich-thuoc-sau","status":"publish","type":"product","link":"https:\/\/shop.kamaztrade.com\/vi\/product\/den-kich-thuoc-sau\/","title":{"rendered":"\u0110\u00e8n k\u00edch th\u01b0\u1edbc sau"},"content":{"rendered":"<p>\u0110\u00ea\u0300n \u0111a\u0301nh d\u00e2\u0301u sau<\/p>\n","protected":false},"excerpt":{"rendered":"<p>\u0110\u00ea\u0300n \u0111a\u0301nh d\u00e2\u0301u sau<\/p>\n","protected":false},"featured_media":14029,"template":"","meta":[],"product_cat":[89],"product_tag":[],"acf":[],"_links":{"self":[{"href":"https:\/\/shop.kamaztrade.com\/vi\/wp-json\/wp\/v2\/product\/15269"}],"collection":[{"href":"https:\/\/shop.kamaztrade.com\/vi\/wp-json\/wp\/v2\/product"}],"about":[{"href":"https:\/\/shop.kamaztrade.com\/vi\/wp-json\/wp\/v2\/types\/product"}],"wp:featuredmedia":[{"embeddable":true,"href":"https:\/\/shop.kamaztrade.com\/vi\/wp-json\/wp\/v2\/media\/14029"}],"wp:attachment":[{"href":"https:\/\/shop.kamaztrade.com\/vi\/wp-json\/wp\/v2\/media?parent=15269"}],"wp:term":[{"taxonomy":"product_cat","embeddable":true,"href":"https:\/\/shop.kamaztrade.com\/vi\/wp-json\/wp\/v2\/product_cat?post=15269"},{"taxonomy":"product_tag","embeddable":true,"href":"https:\/\/shop.kamaztrade.com\/vi\/wp-json\/wp\/v2\/product_tag?post=15269"}],"curies":[{"name":"wp","href":"https:\/\/api.w.org\/{rel}","templated":true}]}}