{"id":15270,"date":"2021-12-23T13:29:25","date_gmt":"2022-02-21T04:49:47","guid":{"rendered":"https:\/\/shop.kamaztrade.com\/?post_type=product&#038;p=15270"},"modified":"2022-02-21T07:49:47","modified_gmt":"2022-02-21T04:49:47","slug":"nap-khuech-tan-den-sau","status":"publish","type":"product","link":"https:\/\/shop.kamaztrade.com\/vi\/product\/nap-khuech-tan-den-sau\/","title":{"rendered":"N\u1eafp khu\u1ebfch t\u00e1n \u0111\u00e8n sau"},"content":{"rendered":"<p>N\u1eafp khu\u1ebfch t\u00e1n \u0111\u00e8n sau<\/p>\n","protected":false},"excerpt":{"rendered":"<p>N\u1eafp khu\u1ebfch t\u00e1n \u0111\u00e8n sau<\/p>\n","protected":false},"featured_media":14034,"template":"","meta":[],"product_cat":[89],"product_tag":[],"acf":[],"_links":{"self":[{"href":"https:\/\/shop.kamaztrade.com\/vi\/wp-json\/wp\/v2\/product\/15270"}],"collection":[{"href":"https:\/\/shop.kamaztrade.com\/vi\/wp-json\/wp\/v2\/product"}],"about":[{"href":"https:\/\/shop.kamaztrade.com\/vi\/wp-json\/wp\/v2\/types\/product"}],"wp:featuredmedia":[{"embeddable":true,"href":"https:\/\/shop.kamaztrade.com\/vi\/wp-json\/wp\/v2\/media\/14034"}],"wp:attachment":[{"href":"https:\/\/shop.kamaztrade.com\/vi\/wp-json\/wp\/v2\/media?parent=15270"}],"wp:term":[{"taxonomy":"product_cat","embeddable":true,"href":"https:\/\/shop.kamaztrade.com\/vi\/wp-json\/wp\/v2\/product_cat?post=15270"},{"taxonomy":"product_tag","embeddable":true,"href":"https:\/\/shop.kamaztrade.com\/vi\/wp-json\/wp\/v2\/product_tag?post=15270"}],"curies":[{"name":"wp","href":"https:\/\/api.w.org\/{rel}","templated":true}]}}