{"id":15296,"date":"2021-12-23T17:06:23","date_gmt":"2022-02-21T08:18:06","guid":{"rendered":"https:\/\/shop.kamaztrade.com\/?post_type=product&#038;p=15296"},"modified":"2022-02-21T11:18:06","modified_gmt":"2022-02-21T08:18:06","slug":"bu-long","status":"publish","type":"product","link":"https:\/\/shop.kamaztrade.com\/vi\/product\/bu-long\/","title":{"rendered":"Bu l\u00f4ng"},"content":{"rendered":"<p>Bu l\u00f4ng g\u0103\u0301n \u00f4\u0301ng nhi\u00ean li\u00ea\u0323u, ti\u00eau chu\u00e2\u0309n M14, L=30mm<\/p>\n","protected":false},"excerpt":{"rendered":"<p>Bu l\u00f4ng g\u0103\u0301n \u00f4\u0301ng nhi\u00ean li\u00ea\u0323u, ti\u00eau chu\u00e2\u0309n M14, L=30mm<\/p>\n","protected":false},"featured_media":14115,"template":"","meta":[],"product_cat":[85],"product_tag":[],"acf":[],"_links":{"self":[{"href":"https:\/\/shop.kamaztrade.com\/vi\/wp-json\/wp\/v2\/product\/15296"}],"collection":[{"href":"https:\/\/shop.kamaztrade.com\/vi\/wp-json\/wp\/v2\/product"}],"about":[{"href":"https:\/\/shop.kamaztrade.com\/vi\/wp-json\/wp\/v2\/types\/product"}],"wp:featuredmedia":[{"embeddable":true,"href":"https:\/\/shop.kamaztrade.com\/vi\/wp-json\/wp\/v2\/media\/14115"}],"wp:attachment":[{"href":"https:\/\/shop.kamaztrade.com\/vi\/wp-json\/wp\/v2\/media?parent=15296"}],"wp:term":[{"taxonomy":"product_cat","embeddable":true,"href":"https:\/\/shop.kamaztrade.com\/vi\/wp-json\/wp\/v2\/product_cat?post=15296"},{"taxonomy":"product_tag","embeddable":true,"href":"https:\/\/shop.kamaztrade.com\/vi\/wp-json\/wp\/v2\/product_tag?post=15296"}],"curies":[{"name":"wp","href":"https:\/\/api.w.org\/{rel}","templated":true}]}}