{"id":15304,"date":"2020-11-25T23:39:28","date_gmt":"2020-11-25T20:39:28","guid":{"rendered":"https:\/\/shop.kamaztrade.com\/product\/den-pha-2\/"},"modified":"2022-02-21T11:26:07","modified_gmt":"2022-02-21T08:26:07","slug":"den-pha-2","status":"publish","type":"product","link":"https:\/\/shop.kamaztrade.com\/vi\/product\/den-pha-2\/","title":{"rendered":"\u0110\u00e8n pha"},"content":{"rendered":"<p>\u0110\u00e8n pha<\/p>\n","protected":false},"excerpt":{"rendered":"<p>\u0110\u00e8n pha<\/p>\n","protected":false},"featured_media":14129,"template":"","meta":[],"product_cat":[89],"product_tag":[],"acf":[],"_links":{"self":[{"href":"https:\/\/shop.kamaztrade.com\/vi\/wp-json\/wp\/v2\/product\/15304"}],"collection":[{"href":"https:\/\/shop.kamaztrade.com\/vi\/wp-json\/wp\/v2\/product"}],"about":[{"href":"https:\/\/shop.kamaztrade.com\/vi\/wp-json\/wp\/v2\/types\/product"}],"wp:featuredmedia":[{"embeddable":true,"href":"https:\/\/shop.kamaztrade.com\/vi\/wp-json\/wp\/v2\/media\/14129"}],"wp:attachment":[{"href":"https:\/\/shop.kamaztrade.com\/vi\/wp-json\/wp\/v2\/media?parent=15304"}],"wp:term":[{"taxonomy":"product_cat","embeddable":true,"href":"https:\/\/shop.kamaztrade.com\/vi\/wp-json\/wp\/v2\/product_cat?post=15304"},{"taxonomy":"product_tag","embeddable":true,"href":"https:\/\/shop.kamaztrade.com\/vi\/wp-json\/wp\/v2\/product_tag?post=15304"}],"curies":[{"name":"wp","href":"https:\/\/api.w.org\/{rel}","templated":true}]}}