{"id":15360,"date":"2021-12-29T18:10:27","date_gmt":"2022-02-22T03:16:00","guid":{"rendered":"https:\/\/shop.kamaztrade.com\/?post_type=product&#038;p=15360"},"modified":"2022-02-22T06:16:01","modified_gmt":"2022-02-22T03:16:01","slug":"bong-den-a24-2","status":"publish","type":"product","link":"https:\/\/shop.kamaztrade.com\/vi\/product\/bong-den-a24-2\/","title":{"rendered":"B\u00f3ng \u0111\u00e8n \u041024-2"},"content":{"rendered":"<p>B\u00f3ng \u0111\u00e8n 2W<\/p>\n","protected":false},"excerpt":{"rendered":"<p>B\u00f3ng \u0111\u00e8n 2W<\/p>\n","protected":false},"featured_media":14426,"template":"","meta":[],"product_cat":[89],"product_tag":[],"acf":[],"_links":{"self":[{"href":"https:\/\/shop.kamaztrade.com\/vi\/wp-json\/wp\/v2\/product\/15360"}],"collection":[{"href":"https:\/\/shop.kamaztrade.com\/vi\/wp-json\/wp\/v2\/product"}],"about":[{"href":"https:\/\/shop.kamaztrade.com\/vi\/wp-json\/wp\/v2\/types\/product"}],"wp:featuredmedia":[{"embeddable":true,"href":"https:\/\/shop.kamaztrade.com\/vi\/wp-json\/wp\/v2\/media\/14426"}],"wp:attachment":[{"href":"https:\/\/shop.kamaztrade.com\/vi\/wp-json\/wp\/v2\/media?parent=15360"}],"wp:term":[{"taxonomy":"product_cat","embeddable":true,"href":"https:\/\/shop.kamaztrade.com\/vi\/wp-json\/wp\/v2\/product_cat?post=15360"},{"taxonomy":"product_tag","embeddable":true,"href":"https:\/\/shop.kamaztrade.com\/vi\/wp-json\/wp\/v2\/product_tag?post=15360"}],"curies":[{"name":"wp","href":"https:\/\/api.w.org\/{rel}","templated":true}]}}